{"id":29076,"date":"2025-09-26T11:16:06","date_gmt":"2025-09-26T11:16:06","guid":{"rendered":"https:\/\/accrosport.tn\/index.php\/product\/camiseta-manga-corta-montreal-rojo\/"},"modified":"2025-11-13T11:29:07","modified_gmt":"2025-11-13T11:29:07","slug":"camiseta-manga-corta-montreal-rojo","status":"publish","type":"product","link":"https:\/\/accrosport.tn\/index.php\/product\/camiseta-manga-corta-montreal-rojo\/","title":{"rendered":"Maillot manches courtes homme Montreal rouge"},"content":{"rendered":"<p>T-shirt \u00e0 manches courtes pour homme\/gar\u00e7on. Il s\u2019agit d\u2019un t-shirt technique pour le tennis et le padel en tissu l\u00e9ger, r\u00e9sistant et respirant. Il accompagnera le joueur de tennis dans tous ses mouvements afin de ne pas entraver son jeu.<\/p>\n<p>Il poss\u00e8de un col rond en tissu de base extensible pour une plus grande libert\u00e9 de mouvement.<\/p>\n<p>Ce t-shirt de tennis et de padel est fabriqu\u00e9 dans un tissu l\u00e9ger, r\u00e9sistant et respirant. Au niveau des aisselles, zones de plus grande transpiration, il comprend des pi\u00e8ces fabriqu\u00e9es avec la technologie Micro-Mesh System, qui \u00e9vacue la transpiration et garde la peau du joueur de tennis fra\u00eeche \u00e0 tout moment. Ainsi, il n\u2019y a pas d\u2019inconfort et le refroidissement apr\u00e8s l&rsquo;exercice est \u00e9vit\u00e9. Il emp\u00eache \u00e9galement l\u2019apparition de champignons \u00e0 l\u2019origine de mauvaises odeurs.<\/p>\n<p>Le design est compl\u00e9t\u00e9 par des pi\u00e8ces contrast\u00e9es, dans lesquelles se distingue la finition en relief de la zone de la poitrine. Ainsi, de petites vagues se d\u00e9tachent du tissu de base gr\u00e2ce \u00e0 l\u2019application de la technique de l\u2019embossage.<\/p>\n<p>Le logo Joma est brod\u00e9 pour apporter une touche d\u2019\u00e9l\u00e9gance.<\/p>\n<ul class=\"featuresul\">\n<li>Manches courtes<\/li>\n<li>Col rond<\/li>\n<li>Tissu l\u00e9ger et respirant<\/li>\n<li>Technologie Micro-Mesh dans les zones qui transpirent le plus<\/li>\n<li>Limite les mauvaises odeurs<\/li>\n<li>Bandes de couleur contrast\u00e9es<\/li>\n<li>Logo brod\u00e9<\/li>\n<li>Libert\u00e9 de mouvement<\/li>\n<li>Type de coupe : semi fitted<\/li>\n<li>100% Polyester<\/li>\n<\/ul>\n","protected":false},"excerpt":{"rendered":"<p>Maillot \u00e0 manches courtes homme\/gar\u00e7on. Con\u00e7u sp\u00e9cialement pour les sports de raquette (tennis, padel, tennis de table, etc.). Tissu respirant sans coutures pour \u00e9viter les frottements et maintenir le confort.<\/p>\n","protected":false},"featured_media":35244,"template":"","meta":[],"product_brand":[],"product_cat":[33,63],"product_tag":[],"class_list":{"0":"post-29076","1":"product","2":"type-product","3":"status-publish","4":"has-post-thumbnail","6":"product_cat-homme","7":"product_cat-polos-et-t-shirt-homme","8":"pa_couleur-red","9":"pa_taille-2xl","10":"pa_taille-l","11":"pa_taille-m","12":"pa_taille-xl","14":"first","15":"outofstock","16":"purchasable","17":"product-type-variable"},"_links":{"self":[{"href":"https:\/\/accrosport.tn\/index.php\/wp-json\/wp\/v2\/product\/29076","targetHints":{"allow":["GET"]}}],"collection":[{"href":"https:\/\/accrosport.tn\/index.php\/wp-json\/wp\/v2\/product"}],"about":[{"href":"https:\/\/accrosport.tn\/index.php\/wp-json\/wp\/v2\/types\/product"}],"wp:featuredmedia":[{"embeddable":true,"href":"https:\/\/accrosport.tn\/index.php\/wp-json\/wp\/v2\/media\/35244"}],"wp:attachment":[{"href":"https:\/\/accrosport.tn\/index.php\/wp-json\/wp\/v2\/media?parent=29076"}],"wp:term":[{"taxonomy":"product_brand","embeddable":true,"href":"https:\/\/accrosport.tn\/index.php\/wp-json\/wp\/v2\/product_brand?post=29076"},{"taxonomy":"product_cat","embeddable":true,"href":"https:\/\/accrosport.tn\/index.php\/wp-json\/wp\/v2\/product_cat?post=29076"},{"taxonomy":"product_tag","embeddable":true,"href":"https:\/\/accrosport.tn\/index.php\/wp-json\/wp\/v2\/product_tag?post=29076"}],"curies":[{"name":"wp","href":"https:\/\/api.w.org\/{rel}","templated":true}]}}