{"id":29068,"date":"2025-09-26T11:16:06","date_gmt":"2025-09-26T11:16:06","guid":{"rendered":"https:\/\/accrosport.tn\/index.php\/product\/set-phoenix-marino-blanco\/"},"modified":"2025-11-13T11:16:23","modified_gmt":"2025-11-13T11:16:23","slug":"set-phoenix-marino-blanco","status":"publish","type":"product","link":"https:\/\/accrosport.tn\/index.php\/product\/set-phoenix-marino-blanco\/","title":{"rendered":"Ensemble homme Phoenix bleu marine blanc"},"content":{"rendered":"<p>Ensemble de sport pour homme\/gar\u00e7on. Compos\u00e9 de deux pi\u00e8ces : un t-shirt \u00e0 manches courtes et un short. Confort, l\u00e9g\u00e8ret\u00e9 et respirabilit\u00e9 dans un seul ensemble de sport. Ce basique pour le sport est si polyvalent et pratique qu\u2019il sera utile aussi bien pour l\u2019entra\u00eenement que pour les matchs.<\/p>\n<p>Le t-shirt \u00e0 manches courtes a un col rond en tissu de base. Il comprend une pi\u00e8ce de rev\u00eatement int\u00e9rieur pour \u00e9viter les frottements.<\/p>\n<p>Short avec ceinture \u00e9lastiqu\u00e9e qui s\u2019ajuste au corps. Ceinture r\u00e9glable avec cordon plat interne. Les deux pi\u00e8ces sont fabriqu\u00e9es en tissu l\u00e9ger, respirant et r\u00e9sistant.<\/p>\n<p>Logo Joma en imprim\u00e9.<\/p>\n<ul class=\"featuresul\">\n<li>Manches courtes<\/li>\n<li>Ceinture \u00e9lastique \u00e0 cordon<\/li>\n<li>Tissu l\u00e9ger et confortable<\/li>\n<li>Bandes de couleur contrast\u00e9es<\/li>\n<li>Libert\u00e9 de mouvement<\/li>\n<li>Type de coupe : semi fitted<\/li>\n<li>100% Polyester<\/li>\n<\/ul>\n","protected":false},"excerpt":{"rendered":"<p>Ensemble homme\/gar\u00e7on compos\u00e9 d&rsquo;un t-shirt \u00e0 bandes de couleur contrast\u00e9es sur les manches et d&rsquo;un short. Le col en V rend le maillot plus souple et facilite les mouvements.<\/p>\n","protected":false},"featured_media":35234,"template":"","meta":[],"product_brand":[],"product_cat":[62,33,64],"product_tag":[],"class_list":{"0":"post-29068","1":"product","2":"type-product","3":"status-publish","4":"has-post-thumbnail","6":"product_cat-bermudas-et-shorts-homme","7":"product_cat-homme","8":"product_cat-survetements-homme","9":"pa_couleur-marino-blanco","10":"pa_taille-l","11":"pa_taille-xl","13":"first","14":"outofstock","15":"purchasable","16":"product-type-variable"},"_links":{"self":[{"href":"https:\/\/accrosport.tn\/index.php\/wp-json\/wp\/v2\/product\/29068","targetHints":{"allow":["GET"]}}],"collection":[{"href":"https:\/\/accrosport.tn\/index.php\/wp-json\/wp\/v2\/product"}],"about":[{"href":"https:\/\/accrosport.tn\/index.php\/wp-json\/wp\/v2\/types\/product"}],"wp:featuredmedia":[{"embeddable":true,"href":"https:\/\/accrosport.tn\/index.php\/wp-json\/wp\/v2\/media\/35234"}],"wp:attachment":[{"href":"https:\/\/accrosport.tn\/index.php\/wp-json\/wp\/v2\/media?parent=29068"}],"wp:term":[{"taxonomy":"product_brand","embeddable":true,"href":"https:\/\/accrosport.tn\/index.php\/wp-json\/wp\/v2\/product_brand?post=29068"},{"taxonomy":"product_cat","embeddable":true,"href":"https:\/\/accrosport.tn\/index.php\/wp-json\/wp\/v2\/product_cat?post=29068"},{"taxonomy":"product_tag","embeddable":true,"href":"https:\/\/accrosport.tn\/index.php\/wp-json\/wp\/v2\/product_tag?post=29068"}],"curies":[{"name":"wp","href":"https:\/\/api.w.org\/{rel}","templated":true}]}}