{"id":29057,"date":"2025-09-26T11:16:00","date_gmt":"2025-09-26T11:16:00","guid":{"rendered":"https:\/\/accrosport.tn\/index.php\/product\/polo-manga-corta-confort-iii-royal\/"},"modified":"2025-11-13T13:25:16","modified_gmt":"2025-11-13T13:25:16","slug":"polo-manga-corta-confort-iii-royal","status":"publish","type":"product","link":"https:\/\/accrosport.tn\/index.php\/product\/polo-manga-corta-confort-iii-royal\/","title":{"rendered":"Polo manches courtes homme Confort III bleu roi"},"content":{"rendered":"<p>Polo Confort III 100 % coton l\u00e9ger. Le col et les poignets sont en jersey c\u00f4tel\u00e9 pour plus de confort. Il pr\u00e9sente une ouverture en bas sur les c\u00f4t\u00e9s pour une plus grande libert\u00e9 de mouvement. L\u00e9g\u00e8rement plus long \u00e0 l&rsquo;arri\u00e8re. Logo brod\u00e9.<\/p>\n<p>100 % coton<\/p>\n<ul class=\"featuresul\">\n<li>Poignets en jersey c\u00f4tel\u00e9<\/li>\n<li>Col polo en jersey c\u00f4tel\u00e9<\/li>\n<li>Tissu confortable<\/li>\n<li>Bandes de couleur contrast\u00e9es<\/li>\n<li>Logo brod\u00e9<\/li>\n<li>Type de coupe : r\u00e9guli\u00e8re<\/li>\n<li>100% Coton<\/li>\n<\/ul>\n","protected":false},"excerpt":{"rendered":"<p>Polo en coton \u00e0 manches courtes homme\/gar\u00e7on. Confortable, doux et con\u00e7u pour optimiser la libert\u00e9 de mouvement.<\/p>\n","protected":false},"featured_media":35271,"template":"","meta":[],"product_brand":[],"product_cat":[33,63],"product_tag":[],"class_list":{"0":"post-29057","1":"product","2":"type-product","3":"status-publish","4":"has-post-thumbnail","6":"product_cat-homme","7":"product_cat-polos-et-t-shirt-homme","8":"pa_couleur-royal","9":"pa_taille-l","10":"pa_taille-m","11":"pa_taille-xl","13":"first","14":"outofstock","15":"purchasable","16":"product-type-variable"},"_links":{"self":[{"href":"https:\/\/accrosport.tn\/index.php\/wp-json\/wp\/v2\/product\/29057","targetHints":{"allow":["GET"]}}],"collection":[{"href":"https:\/\/accrosport.tn\/index.php\/wp-json\/wp\/v2\/product"}],"about":[{"href":"https:\/\/accrosport.tn\/index.php\/wp-json\/wp\/v2\/types\/product"}],"wp:featuredmedia":[{"embeddable":true,"href":"https:\/\/accrosport.tn\/index.php\/wp-json\/wp\/v2\/media\/35271"}],"wp:attachment":[{"href":"https:\/\/accrosport.tn\/index.php\/wp-json\/wp\/v2\/media?parent=29057"}],"wp:term":[{"taxonomy":"product_brand","embeddable":true,"href":"https:\/\/accrosport.tn\/index.php\/wp-json\/wp\/v2\/product_brand?post=29057"},{"taxonomy":"product_cat","embeddable":true,"href":"https:\/\/accrosport.tn\/index.php\/wp-json\/wp\/v2\/product_cat?post=29057"},{"taxonomy":"product_tag","embeddable":true,"href":"https:\/\/accrosport.tn\/index.php\/wp-json\/wp\/v2\/product_tag?post=29057"}],"curies":[{"name":"wp","href":"https:\/\/api.w.org\/{rel}","templated":true}]}}