{"id":29044,"date":"2025-09-26T11:16:00","date_gmt":"2025-09-26T11:16:00","guid":{"rendered":"https:\/\/accrosport.tn\/index.php\/product\/camiseta-manga-corta-grafity-i-rojo\/"},"modified":"2025-11-13T11:43:43","modified_gmt":"2025-11-13T11:43:43","slug":"camiseta-manga-corta-grafity-i-rojo","status":"publish","type":"product","link":"https:\/\/accrosport.tn\/index.php\/product\/camiseta-manga-corta-grafity-i-rojo\/","title":{"rendered":"Maillot manches courtes homme Grafity II rouge"},"content":{"rendered":"<p>T-SHIRT \u00e0 manches courtes avec col en V. Manches raglan pour permettre la libert\u00e9 de mouvement. Technologie Micro-Mesh sous les aisselles et sur les c\u00f4t\u00e9s pour une respirabilit\u00e9 optimale. Design frontal et logo en sublimation.<\/p>\n<ul class=\"featuresul\">\n<li>Manches courtes de type raglan<\/li>\n<li>Col V<\/li>\n<li>Tissu l\u00e9ger et respirant<\/li>\n<li>Technologie Micro-Mesh dans les zones qui transpirent le plus<\/li>\n<li>Limite les mauvaises odeurs<\/li>\n<li>Avant sublim\u00e9<\/li>\n<li>Libert\u00e9 de mouvement<\/li>\n<li>Type de coupe : semi fitted<\/li>\n<li>100% Polyester<\/li>\n<\/ul>\n","protected":false},"excerpt":{"rendered":"<p>Maillot \u00e0 manches courtes homme\/gar\u00e7on. Adapt\u00e9 \u00e0 diff\u00e9rents sports, son design permet de se d\u00e9placer en toute libert\u00e9. Maillot respirant dans les zones qui transpirent le plus afin de r\u00e9guler la temp\u00e9rature corporelle.<\/p>\n","protected":false},"featured_media":35264,"template":"","meta":[],"product_brand":[],"product_cat":[33,63],"product_tag":[],"class_list":{"0":"post-29044","1":"product","2":"type-product","3":"status-publish","4":"has-post-thumbnail","6":"product_cat-homme","7":"product_cat-polos-et-t-shirt-homme","8":"pa_couleur-rojo","9":"pa_taille-2xl-3xl","10":"pa_taille-l","11":"pa_taille-xl","13":"first","14":"outofstock","15":"purchasable","16":"product-type-variable"},"_links":{"self":[{"href":"https:\/\/accrosport.tn\/index.php\/wp-json\/wp\/v2\/product\/29044","targetHints":{"allow":["GET"]}}],"collection":[{"href":"https:\/\/accrosport.tn\/index.php\/wp-json\/wp\/v2\/product"}],"about":[{"href":"https:\/\/accrosport.tn\/index.php\/wp-json\/wp\/v2\/types\/product"}],"wp:featuredmedia":[{"embeddable":true,"href":"https:\/\/accrosport.tn\/index.php\/wp-json\/wp\/v2\/media\/35264"}],"wp:attachment":[{"href":"https:\/\/accrosport.tn\/index.php\/wp-json\/wp\/v2\/media?parent=29044"}],"wp:term":[{"taxonomy":"product_brand","embeddable":true,"href":"https:\/\/accrosport.tn\/index.php\/wp-json\/wp\/v2\/product_brand?post=29044"},{"taxonomy":"product_cat","embeddable":true,"href":"https:\/\/accrosport.tn\/index.php\/wp-json\/wp\/v2\/product_cat?post=29044"},{"taxonomy":"product_tag","embeddable":true,"href":"https:\/\/accrosport.tn\/index.php\/wp-json\/wp\/v2\/product_tag?post=29044"}],"curies":[{"name":"wp","href":"https:\/\/api.w.org\/{rel}","templated":true}]}}