{"id":29008,"date":"2025-09-25T15:23:45","date_gmt":"2025-09-25T15:23:45","guid":{"rendered":"https:\/\/accrosport.tn\/index.php\/product\/r-night-padding-vest\/"},"modified":"2025-11-13T14:15:49","modified_gmt":"2025-11-13T14:15:49","slug":"r-night-padding-vest","status":"publish","type":"product","link":"https:\/\/accrosport.tn\/index.php\/product\/r-night-padding-vest\/","title":{"rendered":"Gilet matelass\u00e9 homme R-Night noir"},"content":{"rendered":"<p>Gilet r\u00e9fl\u00e9chissant avec fermeture \u00e9clair sur le devant et poignets et ourlet \u00e9lastiques. Il comporte des poches \u00e0 boutons et une poche int\u00e9rieure suppl\u00e9mentaire. Avec int\u00e9rieur en polaire pour le confort et la chaleur.<\/p>\n<ul class=\"featuresul\">\n<li>Fermeture zip<\/li>\n<li>Poches lat\u00e9rales<\/li>\n<li>Tissu chaud et matelass\u00e9<\/li>\n<li>Doublure en polaire<\/li>\n<li>D\u00e9tails \u00e0 effet r\u00e9fl\u00e9chissant<\/li>\n<li>Coupe-vent<\/li>\n<li>Imperm\u00e9able<\/li>\n<li>Type de coupe : r\u00e9guli\u00e8re<\/li>\n<li>100% Polyester<\/li>\n<\/ul>\n","protected":false},"excerpt":{"rendered":"<p>Gilet de running r\u00e9fl\u00e9chissant homme. Doublure int\u00e9rieure en polaire chaude et confortable par temps froid. Poche int\u00e9rieure suppl\u00e9mentaire.<\/p>\n","protected":false},"featured_media":35302,"template":"","meta":[],"product_brand":[],"product_cat":[33,63],"product_tag":[],"class_list":{"0":"post-29008","1":"product","2":"type-product","3":"status-publish","4":"has-post-thumbnail","6":"product_cat-homme","7":"product_cat-polos-et-t-shirt-homme","8":"pa_couleur-negro","9":"pa_taille-l","10":"pa_taille-m","12":"first","13":"outofstock","14":"purchasable","15":"product-type-variable"},"_links":{"self":[{"href":"https:\/\/accrosport.tn\/index.php\/wp-json\/wp\/v2\/product\/29008","targetHints":{"allow":["GET"]}}],"collection":[{"href":"https:\/\/accrosport.tn\/index.php\/wp-json\/wp\/v2\/product"}],"about":[{"href":"https:\/\/accrosport.tn\/index.php\/wp-json\/wp\/v2\/types\/product"}],"wp:featuredmedia":[{"embeddable":true,"href":"https:\/\/accrosport.tn\/index.php\/wp-json\/wp\/v2\/media\/35302"}],"wp:attachment":[{"href":"https:\/\/accrosport.tn\/index.php\/wp-json\/wp\/v2\/media?parent=29008"}],"wp:term":[{"taxonomy":"product_brand","embeddable":true,"href":"https:\/\/accrosport.tn\/index.php\/wp-json\/wp\/v2\/product_brand?post=29008"},{"taxonomy":"product_cat","embeddable":true,"href":"https:\/\/accrosport.tn\/index.php\/wp-json\/wp\/v2\/product_cat?post=29008"},{"taxonomy":"product_tag","embeddable":true,"href":"https:\/\/accrosport.tn\/index.php\/wp-json\/wp\/v2\/product_tag?post=29008"}],"curies":[{"name":"wp","href":"https:\/\/api.w.org\/{rel}","templated":true}]}}