{"id":29003,"date":"2025-09-25T15:23:45","date_gmt":"2025-09-25T15:23:45","guid":{"rendered":"https:\/\/accrosport.tn\/index.php\/product\/polo-manga-corta-torneo-marino\/"},"modified":"2026-03-11T12:46:38","modified_gmt":"2026-03-11T12:46:38","slug":"polo-manga-corta-torneo-marino","status":"publish","type":"product","link":"https:\/\/accrosport.tn\/index.php\/product\/polo-manga-corta-torneo-marino\/","title":{"rendered":"Polo manches courtes homme Torneo bleu marine"},"content":{"rendered":"<p>Polo \u00e0 manches courtes pour homme\/gar\u00e7on. Mod\u00e8le de polo technique cr\u00e9\u00e9 pour les sports de raquette, en particulier le tennis et le padel. C\u2019est un polo tr\u00e8s confortable, respirant et tr\u00e8s l\u00e9ger. Haute performance pour jouer comme un joueur de tennis professionnel. De plus, son \u00e9lasticit\u00e9 permet au joueur de tennis de bouger librement.<\/p>\n<p>Il poss\u00e8de un col polo classique c\u00f4tel\u00e9 pour un plus grand confort. La fente du col est dot\u00e9e de deux boutons personnalis\u00e9s qui s\u2019int\u00e8grent parfaitement au reste du v\u00eatement. Cette fente offre une grande libert\u00e9 de mouvement et \u00e9vite toute contrainte lors du jeu.<\/p>\n<p>Ce polo de tennis et de padel est r\u00e9alis\u00e9 dans une nouvelle maille \u00e9lastique et respirante qui accompagne le joueur de tennis dans tous ses services, smashs et coups sans lui imposer de limites. De cette fa\u00e7on, le succ\u00e8s du match est garanti, car vous aurez plus d\u2019espace pour effectuer vos mouvements. Le tissu mesh apporte l\u00e9g\u00e8ret\u00e9 et respirabilit\u00e9. Les perforations microscopiques sur l\u2019ensemble du v\u00eatement permettent d\u2019\u00e9vacuer la sueur et de garder le corps du joueur de tennis frais et sec. Cela permet d\u2019\u00e9viter le refroidissement apr\u00e8s l\u2019effort et d\u2019\u00e9liminer les bact\u00e9ries dues \u00e0 l\u2019accumulation de sueur. Pas d\u2019odeurs d\u00e9sagr\u00e9ables. Tout ceci est con\u00e7u pour offrir un maximum de confort au sportif pendant l\u2019effort.<\/p>\n<p>Le design est compl\u00e9t\u00e9 par un style basique, classique et \u00e9l\u00e9gant. Esth\u00e9tique monochrome avec de fins d\u00e9tails contrast\u00e9s sur les manches.<\/p>\n<p>Le logo Joma en caoutchouc a \u00e9t\u00e9 ins\u00e9r\u00e9 dans le tissu sans couture. L\u2019objectif est de rester toujours l\u00e9ger, d\u2019\u00e9viter les frottements d\u00e9sagr\u00e9ables sur la peau et d\u2019augmenter encore la sensation de confort. Chez Joma, nous avons transf\u00e9r\u00e9 cette technologie de la chaussure au textile, en l\u2019adaptant aux besoins de chaque produit.<\/p>\n<ul class=\"featuresul\">\n<li>Col polo en jersey c\u00f4tel\u00e9<\/li>\n<li>Tissu \u00e9lastique et respirant<\/li>\n<li>Bandes de couleur contrast\u00e9es<\/li>\n<li>Logo imprim\u00e9<\/li>\n<li>Type de coupe : r\u00e9guli\u00e8re<\/li>\n<li>91% Polyester, 9% Spandex<\/li>\n<\/ul>\n","protected":false},"excerpt":{"rendered":"<p>Polo de tennis manches courtes homme. Col boutonn\u00e9 assurant confort et libert\u00e9 de mouvement.<\/p>\n","protected":false},"featured_media":35297,"template":"","meta":[],"product_brand":[],"product_cat":[33,63],"product_tag":[],"class_list":{"0":"post-29003","1":"product","2":"type-product","3":"status-publish","4":"has-post-thumbnail","6":"product_cat-homme","7":"product_cat-polos-et-t-shirt-homme","8":"pa_couleur-navy-blue","9":"pa_taille-2xl","10":"pa_taille-l","11":"pa_taille-m","12":"pa_taille-s","14":"first","15":"outofstock","16":"purchasable","17":"product-type-variable"},"_links":{"self":[{"href":"https:\/\/accrosport.tn\/index.php\/wp-json\/wp\/v2\/product\/29003","targetHints":{"allow":["GET"]}}],"collection":[{"href":"https:\/\/accrosport.tn\/index.php\/wp-json\/wp\/v2\/product"}],"about":[{"href":"https:\/\/accrosport.tn\/index.php\/wp-json\/wp\/v2\/types\/product"}],"wp:featuredmedia":[{"embeddable":true,"href":"https:\/\/accrosport.tn\/index.php\/wp-json\/wp\/v2\/media\/35297"}],"wp:attachment":[{"href":"https:\/\/accrosport.tn\/index.php\/wp-json\/wp\/v2\/media?parent=29003"}],"wp:term":[{"taxonomy":"product_brand","embeddable":true,"href":"https:\/\/accrosport.tn\/index.php\/wp-json\/wp\/v2\/product_brand?post=29003"},{"taxonomy":"product_cat","embeddable":true,"href":"https:\/\/accrosport.tn\/index.php\/wp-json\/wp\/v2\/product_cat?post=29003"},{"taxonomy":"product_tag","embeddable":true,"href":"https:\/\/accrosport.tn\/index.php\/wp-json\/wp\/v2\/product_tag?post=29003"}],"curies":[{"name":"wp","href":"https:\/\/api.w.org\/{rel}","templated":true}]}}