{"id":28992,"date":"2025-09-25T15:23:40","date_gmt":"2025-09-25T15:23:40","guid":{"rendered":"https:\/\/accrosport.tn\/index.php\/product\/sudadera-con-capucha-californi\/"},"modified":"2025-10-09T15:48:07","modified_gmt":"2025-10-09T15:48:07","slug":"sudadera-con-capucha-californi","status":"publish","type":"product","link":"https:\/\/accrosport.tn\/index.php\/product\/sudadera-con-capucha-californi\/","title":{"rendered":"Sweat \u00e0 capuche Orange California pour homme"},"content":{"rendered":"<p>Sweat kangourou avec capuche ajustable par cordons de serrage circulaires. Bande holographique sur la poitrine.<\/p>\n","protected":false},"excerpt":{"rendered":"<p>Sweat \u00e0 capuche pour homme et enfant. Ce sweat-shirt affiche un style urbain basique, confectionn\u00e9 dans un tissu doux, chaud et uni. Il offre confort et praticit\u00e9 aux sportifs, tout en \u00e9tant pratique au quotidien comme pour le sport.<\/p>\n","protected":false},"featured_media":33872,"template":"","meta":[],"product_brand":[],"product_cat":[33,63,64],"product_tag":[],"class_list":{"0":"post-28992","1":"product","2":"type-product","3":"status-publish","4":"has-post-thumbnail","6":"product_cat-homme","7":"product_cat-polos-et-t-shirt-homme","8":"product_cat-survetements-homme","9":"pa_couleur-naranja","10":"pa_taille-l","11":"pa_taille-m","12":"pa_taille-s","14":"first","15":"outofstock","16":"purchasable","17":"product-type-variable"},"_links":{"self":[{"href":"https:\/\/accrosport.tn\/index.php\/wp-json\/wp\/v2\/product\/28992","targetHints":{"allow":["GET"]}}],"collection":[{"href":"https:\/\/accrosport.tn\/index.php\/wp-json\/wp\/v2\/product"}],"about":[{"href":"https:\/\/accrosport.tn\/index.php\/wp-json\/wp\/v2\/types\/product"}],"wp:featuredmedia":[{"embeddable":true,"href":"https:\/\/accrosport.tn\/index.php\/wp-json\/wp\/v2\/media\/33872"}],"wp:attachment":[{"href":"https:\/\/accrosport.tn\/index.php\/wp-json\/wp\/v2\/media?parent=28992"}],"wp:term":[{"taxonomy":"product_brand","embeddable":true,"href":"https:\/\/accrosport.tn\/index.php\/wp-json\/wp\/v2\/product_brand?post=28992"},{"taxonomy":"product_cat","embeddable":true,"href":"https:\/\/accrosport.tn\/index.php\/wp-json\/wp\/v2\/product_cat?post=28992"},{"taxonomy":"product_tag","embeddable":true,"href":"https:\/\/accrosport.tn\/index.php\/wp-json\/wp\/v2\/product_tag?post=28992"}],"curies":[{"name":"wp","href":"https:\/\/api.w.org\/{rel}","templated":true}]}}