{"id":28974,"date":"2025-09-25T15:23:40","date_gmt":"2025-09-25T15:23:40","guid":{"rendered":"https:\/\/accrosport.tn\/index.php\/product\/camiseta-manga-corta-tiger-iii\/"},"modified":"2025-11-13T14:30:26","modified_gmt":"2025-11-13T14:30:26","slug":"camiseta-manga-corta-tiger-iii","status":"publish","type":"product","link":"https:\/\/accrosport.tn\/index.php\/product\/camiseta-manga-corta-tiger-iii\/","title":{"rendered":"T-shirt TIGER III"},"content":{"rendered":"<p>T-shirt \u00e0 manches courtes et col en V. Les manches raglan offrent une grande libert\u00e9 de mouvement. La technologie Micro-Mesh aux aisselles et sur les c\u00f4t\u00e9s am\u00e9liore la respirabilit\u00e9.<\/p>\n<p>Motif et logo sublim\u00e9s sur le devant.<\/p>\n","protected":false},"excerpt":{"rendered":"<p>T-shirt \u00e0 manches courtes et col en V. Les manches raglan offrent une grande libert\u00e9 de mouvement. La technologie Micro-Mesh aux aisselles et sur les c\u00f4t\u00e9s am\u00e9liore la respirabilit\u00e9.<\/p>\n","protected":false},"featured_media":35303,"template":"","meta":[],"product_brand":[],"product_cat":[33,63],"product_tag":[],"class_list":{"0":"post-28974","1":"product","2":"type-product","3":"status-publish","4":"has-post-thumbnail","6":"product_cat-homme","7":"product_cat-polos-et-t-shirt-homme","8":"pa_couleur-blanco-rojo","9":"pa_taille-l","10":"pa_taille-m","11":"pa_taille-xl","13":"first","14":"outofstock","15":"purchasable","16":"product-type-variable"},"_links":{"self":[{"href":"https:\/\/accrosport.tn\/index.php\/wp-json\/wp\/v2\/product\/28974","targetHints":{"allow":["GET"]}}],"collection":[{"href":"https:\/\/accrosport.tn\/index.php\/wp-json\/wp\/v2\/product"}],"about":[{"href":"https:\/\/accrosport.tn\/index.php\/wp-json\/wp\/v2\/types\/product"}],"wp:featuredmedia":[{"embeddable":true,"href":"https:\/\/accrosport.tn\/index.php\/wp-json\/wp\/v2\/media\/35303"}],"wp:attachment":[{"href":"https:\/\/accrosport.tn\/index.php\/wp-json\/wp\/v2\/media?parent=28974"}],"wp:term":[{"taxonomy":"product_brand","embeddable":true,"href":"https:\/\/accrosport.tn\/index.php\/wp-json\/wp\/v2\/product_brand?post=28974"},{"taxonomy":"product_cat","embeddable":true,"href":"https:\/\/accrosport.tn\/index.php\/wp-json\/wp\/v2\/product_cat?post=28974"},{"taxonomy":"product_tag","embeddable":true,"href":"https:\/\/accrosport.tn\/index.php\/wp-json\/wp\/v2\/product_tag?post=28974"}],"curies":[{"name":"wp","href":"https:\/\/api.w.org\/{rel}","templated":true}]}}