{"id":28960,"date":"2025-09-25T15:23:34","date_gmt":"2025-09-25T15:23:34","guid":{"rendered":"https:\/\/accrosport.tn\/index.php\/product\/camiseta-manga-corta-toletum-i\/"},"modified":"2025-12-20T00:05:12","modified_gmt":"2025-12-20T00:05:12","slug":"camiseta-manga-corta-toletum-i","status":"publish","type":"product","link":"https:\/\/accrosport.tn\/index.php\/product\/camiseta-manga-corta-toletum-i\/","title":{"rendered":"T-Shirt manches courtes homme Toletum noir"},"content":{"rendered":"<p>T-Shirt \u00e0 manches courtes avec col en V. Tissu ray\u00e9 vertical. Le col et les manches sont faits de liser\u00e9s bicolores. Logo brod\u00e9.<\/p>\n","protected":false},"excerpt":{"rendered":"<p>T-Shirt \u00e0 manches courtes et rayures verticales homme\/gar\u00e7on. Bon ajustement et conception en polyester recycl\u00e9 pour r\u00e9duire l&rsquo;impact sur l&rsquo;environnement. Ce v\u00eatement \u00e9cologique convient \u00e0 diff\u00e9rents sports.<\/p>\n","protected":false},"featured_media":33936,"template":"","meta":[],"product_brand":[],"product_cat":[33,63],"product_tag":[],"class_list":{"0":"post-28960","1":"product","2":"type-product","3":"status-publish","4":"has-post-thumbnail","6":"product_cat-homme","7":"product_cat-polos-et-t-shirt-homme","8":"pa_couleur-negro","9":"pa_taille-l","10":"pa_taille-s","11":"pa_taille-xl","13":"first","14":"outofstock","15":"purchasable","16":"product-type-variable"},"_links":{"self":[{"href":"https:\/\/accrosport.tn\/index.php\/wp-json\/wp\/v2\/product\/28960","targetHints":{"allow":["GET"]}}],"collection":[{"href":"https:\/\/accrosport.tn\/index.php\/wp-json\/wp\/v2\/product"}],"about":[{"href":"https:\/\/accrosport.tn\/index.php\/wp-json\/wp\/v2\/types\/product"}],"wp:featuredmedia":[{"embeddable":true,"href":"https:\/\/accrosport.tn\/index.php\/wp-json\/wp\/v2\/media\/33936"}],"wp:attachment":[{"href":"https:\/\/accrosport.tn\/index.php\/wp-json\/wp\/v2\/media?parent=28960"}],"wp:term":[{"taxonomy":"product_brand","embeddable":true,"href":"https:\/\/accrosport.tn\/index.php\/wp-json\/wp\/v2\/product_brand?post=28960"},{"taxonomy":"product_cat","embeddable":true,"href":"https:\/\/accrosport.tn\/index.php\/wp-json\/wp\/v2\/product_cat?post=28960"},{"taxonomy":"product_tag","embeddable":true,"href":"https:\/\/accrosport.tn\/index.php\/wp-json\/wp\/v2\/product_tag?post=28960"}],"curies":[{"name":"wp","href":"https:\/\/api.w.org\/{rel}","templated":true}]}}