{"id":28957,"date":"2025-09-25T15:23:34","date_gmt":"2025-09-25T15:23:34","guid":{"rendered":"https:\/\/accrosport.tn\/index.php\/product\/camiseta-manga-corta-champions-2\/"},"modified":"2025-10-10T08:08:03","modified_gmt":"2025-10-10T08:08:03","slug":"camiseta-manga-corta-champions-2","status":"publish","type":"product","link":"https:\/\/accrosport.tn\/index.php\/product\/camiseta-manga-corta-champions-2\/","title":{"rendered":"T-shirt manches courtes homme Champion bleu marine blanc"},"content":{"rendered":"<p>T-shirt \u00e0 manches courtes homme\/gar\u00e7on. Mod\u00e8le de t-shirt technique con\u00e7u pour l\u2019entra\u00eenement et la comp\u00e9tition de football et de futsal. Il incorpore la meilleure technologie pour que le footballeur puisse donner le meilleur de lui-m\u00eame sur le terrain. Avec une coupe qui facilite la libert\u00e9 de mouvement et un tissu qui contribue \u00e0 l\u2019\u00e9vacuation de la transpiration.<\/p>\n<p>Il se caract\u00e9rise par son col rond \u00e9lastiqu\u00e9, qui s\u2019ajuste confortablement.<\/p>\n<p>Gr\u00e2ce \u00e0 sa respirabilit\u00e9, ce t-shirt permet au corps de respirer et de rester au sec pendant le sport. Il est fabriqu\u00e9 dans un tissu durable, l\u00e9ger, facile \u00e0 entretenir et tr\u00e8s adaptable, ce qui le rend confortable \u00e0 porter m\u00eame pendant les matchs intenses.<\/p>\n<p>Il pr\u00e9sente des d\u00e9tails contrast\u00e9s sur les \u00e9paules et les c\u00f4t\u00e9s. Le design minimaliste et simple est facile \u00e0 combiner avec d\u2019autres pantalons de sport. Vous obtiendrez ainsi un ensemble parfait pour le football et le futsal.<\/p>\n<p>Logo Joma brod\u00e9.<\/p>\n","protected":false},"excerpt":{"rendered":"<p>T-shirt \u00e0 manches courtes homme\/gar\u00e7on id\u00e9al pour le football, le tennis et le basket. Peut \u00eatre utilis\u00e9 comme tenue de match. L\u00e9ger et confortable.<\/p>\n","protected":false},"featured_media":33900,"template":"","meta":[],"product_brand":[],"product_cat":[33,63],"product_tag":[],"class_list":{"0":"post-28957","1":"product","2":"type-product","3":"status-publish","4":"has-post-thumbnail","6":"product_cat-homme","7":"product_cat-polos-et-t-shirt-homme","8":"pa_couleur-marino-blanco","9":"pa_taille-2xl-3xl","10":"pa_taille-l","12":"first","13":"outofstock","14":"purchasable","15":"product-type-variable"},"_links":{"self":[{"href":"https:\/\/accrosport.tn\/index.php\/wp-json\/wp\/v2\/product\/28957","targetHints":{"allow":["GET"]}}],"collection":[{"href":"https:\/\/accrosport.tn\/index.php\/wp-json\/wp\/v2\/product"}],"about":[{"href":"https:\/\/accrosport.tn\/index.php\/wp-json\/wp\/v2\/types\/product"}],"wp:featuredmedia":[{"embeddable":true,"href":"https:\/\/accrosport.tn\/index.php\/wp-json\/wp\/v2\/media\/33900"}],"wp:attachment":[{"href":"https:\/\/accrosport.tn\/index.php\/wp-json\/wp\/v2\/media?parent=28957"}],"wp:term":[{"taxonomy":"product_brand","embeddable":true,"href":"https:\/\/accrosport.tn\/index.php\/wp-json\/wp\/v2\/product_brand?post=28957"},{"taxonomy":"product_cat","embeddable":true,"href":"https:\/\/accrosport.tn\/index.php\/wp-json\/wp\/v2\/product_cat?post=28957"},{"taxonomy":"product_tag","embeddable":true,"href":"https:\/\/accrosport.tn\/index.php\/wp-json\/wp\/v2\/product_tag?post=28957"}],"curies":[{"name":"wp","href":"https:\/\/api.w.org\/{rel}","templated":true}]}}