{"id":28950,"date":"2025-09-25T15:23:29","date_gmt":"2025-09-25T15:23:29","guid":{"rendered":"https:\/\/accrosport.tn\/index.php\/product\/pantalon-largo-cannes-iii-mari\/"},"modified":"2025-11-30T11:30:57","modified_gmt":"2025-11-30T11:30:57","slug":"pantalon-largo-cannes-iii-mari","status":"publish","type":"product","link":"https:\/\/accrosport.tn\/index.php\/product\/pantalon-largo-cannes-iii-mari\/","title":{"rendered":"Pantalon long homme Cannes III bleu marine"},"content":{"rendered":"<p>Pantalon long coupe droite. Poches sans fermeture \u00e9clair. Bande \u00e9lastique ajustable avec cordon de serrage. Logo J brod\u00e9.<\/p>\n","protected":false},"excerpt":{"rendered":"<p>Pantalon long pour homme. Id\u00e9al pour les entra\u00eenements de football et de futsal, son tissu confortable s&rsquo;adapte \u00e0 tous les mouvements pour une performance optimale.<\/p>\n","protected":false},"featured_media":33968,"template":"","meta":[],"product_brand":[],"product_cat":[62,33],"product_tag":[],"class_list":{"0":"post-28950","1":"product","2":"type-product","3":"status-publish","4":"has-post-thumbnail","6":"product_cat-bermudas-et-shorts-homme","7":"product_cat-homme","8":"pa_couleur-navy-blue","9":"pa_taille-2xl","10":"pa_taille-l","11":"pa_taille-m","12":"pa_taille-s","13":"pa_taille-xl","15":"first","16":"outofstock","17":"purchasable","18":"product-type-variable"},"_links":{"self":[{"href":"https:\/\/accrosport.tn\/index.php\/wp-json\/wp\/v2\/product\/28950","targetHints":{"allow":["GET"]}}],"collection":[{"href":"https:\/\/accrosport.tn\/index.php\/wp-json\/wp\/v2\/product"}],"about":[{"href":"https:\/\/accrosport.tn\/index.php\/wp-json\/wp\/v2\/types\/product"}],"wp:featuredmedia":[{"embeddable":true,"href":"https:\/\/accrosport.tn\/index.php\/wp-json\/wp\/v2\/media\/33968"}],"wp:attachment":[{"href":"https:\/\/accrosport.tn\/index.php\/wp-json\/wp\/v2\/media?parent=28950"}],"wp:term":[{"taxonomy":"product_brand","embeddable":true,"href":"https:\/\/accrosport.tn\/index.php\/wp-json\/wp\/v2\/product_brand?post=28950"},{"taxonomy":"product_cat","embeddable":true,"href":"https:\/\/accrosport.tn\/index.php\/wp-json\/wp\/v2\/product_cat?post=28950"},{"taxonomy":"product_tag","embeddable":true,"href":"https:\/\/accrosport.tn\/index.php\/wp-json\/wp\/v2\/product_tag?post=28950"}],"curies":[{"name":"wp","href":"https:\/\/api.w.org\/{rel}","templated":true}]}}