{"id":28944,"date":"2025-09-25T15:23:29","date_gmt":"2025-09-25T15:23:29","guid":{"rendered":"https:\/\/accrosport.tn\/index.php\/product\/pantalon-largo-cannes-iii-negr\/"},"modified":"2025-10-24T08:48:02","modified_gmt":"2025-10-24T08:48:02","slug":"pantalon-largo-cannes-iii-negr","status":"publish","type":"product","link":"https:\/\/accrosport.tn\/index.php\/product\/pantalon-largo-cannes-iii-negr\/","title":{"rendered":"Pantalon homme Cannes III noir"},"content":{"rendered":"<p>Pantalon pour homme. Ce pantalon de surv\u00eatement est con\u00e7u pour l\u2019entra\u00eenement sportif, en particulier pour les sports tels que le football et le futsal. Gr\u00e2ce \u00e0 sa conception confortable et r\u00e9sistante, le footballeur pourra \u00e9galement l\u2019associer \u00e0 un haut pour s\u2019habiller confortablement dans la vie de tous les jours. C\u2019est un basique indispensable dans la garde-robe de tout sportif. Confort et durabilit\u00e9 en un seul pantalon.<\/p>\n<p>Ce pantalon est dot\u00e9 d\u2019une ceinture \u00e9lastiqu\u00e9e qui s\u2019adapte \u00e0 la forme du corps du joueur. De plus, les cordons plats int\u00e9rieurs permettent d\u2019ajuster la coupe et de fixer le pantalon \u00e0 la taille. Il est dot\u00e9 de grandes poches non zipp\u00e9es pour ranger de petits objets pendant les s\u00e9ances d\u2019entra\u00eenement, comme les cl\u00e9s de la maison, ou pour se r\u00e9chauffer les mains.<\/p>\n<p>Il est fabriqu\u00e9 dans un tissu tr\u00e8s r\u00e9sistant au lavage, ce qui permet au joueur de le porter plusieurs fois sans se soucier de l\u2019usure. Dans le m\u00eame temps, il contribue \u00e0 la libert\u00e9 de mouvement et offre une chaleur in\u00e9gal\u00e9e. Il n\u2019y a plus d\u2019excuse pour rester motiv\u00e9 par temps froid.<\/p>\n<p>Il pr\u00e9sente un design classique, minimaliste, monochrome et \u00e0 coupe droite. Un r\u00e9sultat \u00e9l\u00e9gant qui ajoutera du style \u00e0 votre tenue sur le terrain et en dehors.<\/p>\n<p>Logo Joma brod\u00e9<\/p>\n","protected":false},"excerpt":{"rendered":"<p>Pantalon homme. Parfait pour les entra\u00eenements de football et de futsal. Tr\u00e8s confortable, le tissu accompagne tous vos mouvements pour vous permettre de donner le meilleur de vous-m\u00eame.<\/p>\n","protected":false},"featured_media":33962,"template":"","meta":[],"product_brand":[],"product_cat":[62,33],"product_tag":[],"class_list":{"0":"post-28944","1":"product","2":"type-product","3":"status-publish","4":"has-post-thumbnail","6":"product_cat-bermudas-et-shorts-homme","7":"product_cat-homme","8":"pa_couleur-noir","9":"pa_taille-2xl","10":"pa_taille-l","11":"pa_taille-m","12":"pa_taille-s","13":"pa_taille-xl","15":"first","16":"outofstock","17":"purchasable","18":"product-type-variable"},"_links":{"self":[{"href":"https:\/\/accrosport.tn\/index.php\/wp-json\/wp\/v2\/product\/28944","targetHints":{"allow":["GET"]}}],"collection":[{"href":"https:\/\/accrosport.tn\/index.php\/wp-json\/wp\/v2\/product"}],"about":[{"href":"https:\/\/accrosport.tn\/index.php\/wp-json\/wp\/v2\/types\/product"}],"wp:featuredmedia":[{"embeddable":true,"href":"https:\/\/accrosport.tn\/index.php\/wp-json\/wp\/v2\/media\/33962"}],"wp:attachment":[{"href":"https:\/\/accrosport.tn\/index.php\/wp-json\/wp\/v2\/media?parent=28944"}],"wp:term":[{"taxonomy":"product_brand","embeddable":true,"href":"https:\/\/accrosport.tn\/index.php\/wp-json\/wp\/v2\/product_brand?post=28944"},{"taxonomy":"product_cat","embeddable":true,"href":"https:\/\/accrosport.tn\/index.php\/wp-json\/wp\/v2\/product_cat?post=28944"},{"taxonomy":"product_tag","embeddable":true,"href":"https:\/\/accrosport.tn\/index.php\/wp-json\/wp\/v2\/product_tag?post=28944"}],"curies":[{"name":"wp","href":"https:\/\/api.w.org\/{rel}","templated":true}]}}