{"id":28941,"date":"2025-09-25T15:23:29","date_gmt":"2025-09-25T15:23:29","guid":{"rendered":"https:\/\/accrosport.tn\/index.php\/product\/short-maxi-royal-blanco\/"},"modified":"2025-10-30T14:22:01","modified_gmt":"2025-10-30T14:22:01","slug":"short-maxi-royal-blanco","status":"publish","type":"product","link":"https:\/\/accrosport.tn\/index.php\/product\/short-maxi-royal-blanco\/","title":{"rendered":"Short homme blanc Maxi Royal"},"content":{"rendered":"<p><span dir=\"auto\">Short homme\/gar\u00e7on, con\u00e7u pour l&rsquo;entra\u00eenement et les matchs de football. L\u00e9ger et offrant une grande libert\u00e9 de mouvement, il est confortable \u00e0 porter pendant le jeu.<\/span><\/p>\n<p><span dir=\"auto\">Ce short est dot\u00e9 d&rsquo;une taille \u00e9lastique avec cordon de serrage interne pour un ajustement parfait. Ainsi, il reste pr\u00e8s du corps et ne glisse pas.<\/span><\/p>\n<p><span dir=\"auto\">Quant \u00e0 leur conception, elles sont fabriqu\u00e9es dans un tissu l\u00e9ger et respirant qui \u00e9vacue la transpiration. Elles offrent \u00e9galement une grande libert\u00e9 de mouvement. Cela permettra au joueur d&rsquo;encha\u00eener rapidement passes, dribbles et tirs au but. Tout est con\u00e7u pour vous aider \u00e0 donner le meilleur de vous-m\u00eame.<\/span><\/p>\n<p><span dir=\"auto\">Son design basique et minimaliste se distingue par ses d\u00e9coupes contrast\u00e9es sur les c\u00f4t\u00e9s. Il s&rsquo;associe facilement \u00e0 n&rsquo;importe quel maillot technique pour cr\u00e9er une tenue compl\u00e8te.<\/span><\/p>\n<p><span dir=\"auto\">Logo Joma s\u00e9rigraphi\u00e9.<\/span><\/p>\n","protected":false},"excerpt":{"rendered":"<p>Short homme\/gar\u00e7on. Ce short est confectionn\u00e9 dans un tissu doux et confortable, id\u00e9al pour l&rsquo;exercice.<\/p>\n","protected":false},"featured_media":33955,"template":"","meta":[],"product_brand":[],"product_cat":[62,33],"product_tag":[],"class_list":{"0":"post-28941","1":"product","2":"type-product","3":"status-publish","4":"has-post-thumbnail","6":"product_cat-bermudas-et-shorts-homme","7":"product_cat-homme","8":"pa_couleur-royal-blanco","9":"pa_taille-2xl-3xl","10":"pa_taille-l","12":"first","13":"outofstock","14":"purchasable","15":"product-type-variable"},"_links":{"self":[{"href":"https:\/\/accrosport.tn\/index.php\/wp-json\/wp\/v2\/product\/28941","targetHints":{"allow":["GET"]}}],"collection":[{"href":"https:\/\/accrosport.tn\/index.php\/wp-json\/wp\/v2\/product"}],"about":[{"href":"https:\/\/accrosport.tn\/index.php\/wp-json\/wp\/v2\/types\/product"}],"wp:featuredmedia":[{"embeddable":true,"href":"https:\/\/accrosport.tn\/index.php\/wp-json\/wp\/v2\/media\/33955"}],"wp:attachment":[{"href":"https:\/\/accrosport.tn\/index.php\/wp-json\/wp\/v2\/media?parent=28941"}],"wp:term":[{"taxonomy":"product_brand","embeddable":true,"href":"https:\/\/accrosport.tn\/index.php\/wp-json\/wp\/v2\/product_brand?post=28941"},{"taxonomy":"product_cat","embeddable":true,"href":"https:\/\/accrosport.tn\/index.php\/wp-json\/wp\/v2\/product_cat?post=28941"},{"taxonomy":"product_tag","embeddable":true,"href":"https:\/\/accrosport.tn\/index.php\/wp-json\/wp\/v2\/product_tag?post=28941"}],"curies":[{"name":"wp","href":"https:\/\/api.w.org\/{rel}","templated":true}]}}