{"id":28935,"date":"2025-09-25T15:23:29","date_gmt":"2025-09-25T15:23:29","guid":{"rendered":"https:\/\/accrosport.tn\/index.php\/product\/maxi-short-dark-navy-white\/"},"modified":"2025-10-10T10:03:40","modified_gmt":"2025-10-10T10:03:40","slug":"maxi-short-dark-navy-white","status":"publish","type":"product","link":"https:\/\/accrosport.tn\/index.php\/product\/maxi-short-dark-navy-white\/","title":{"rendered":"Short homme Maxi bleu marine blanc"},"content":{"rendered":"<div class=\"collapseText\">\n<p><span dir=\"auto\">Short homme\/gar\u00e7on, con\u00e7u pour l&rsquo;entra\u00eenement et les matchs de football. L\u00e9ger et offrant une grande libert\u00e9 de mouvement, il est confortable \u00e0 porter pendant le jeu.<\/span><\/p>\n<p><span dir=\"auto\">Ce short poss\u00e8de une taille \u00e9lastique avec cordon de serrage int\u00e9rieur pour un ajustement parfait. Ainsi, il reste bien en place et \u00e9vite de glisser pendant vos mouvements.<\/span><\/p>\n<p><span dir=\"auto\">En termes de fabrication, ils sont confectionn\u00e9s dans un tissu l\u00e9ger et respirant qui favorise l&rsquo;\u00e9vaporation de la transpiration. Il offre \u00e9galement une grande libert\u00e9 de mouvement. Cela permet au joueur d&rsquo;encha\u00eener passes, dribbles et tirs au but rapidement. Tout est con\u00e7u pour vous permettre de jouer au maximum de vos performances.<\/span><\/p>\n<p><span dir=\"auto\">Son design basique et minimaliste se distingue par ses d\u00e9coupes contrast\u00e9es sur les c\u00f4t\u00e9s. Facile \u00e0 associer \u00e0 n&rsquo;importe quel t-shirt technique pour compl\u00e9ter votre tenue.<\/span><\/p>\n<p><span dir=\"auto\">Logo Joma s\u00e9rigraphi\u00e9.<\/span><\/p>\n<\/div>\n","protected":false},"excerpt":{"rendered":"<p>Short pour homme\/gar\u00e7on. Ce short est fabriqu\u00e9 dans un tissu doux et confortable pour l&rsquo;exercice physique.<\/p>\n","protected":false},"featured_media":33947,"template":"","meta":[],"product_brand":[],"product_cat":[33,63],"product_tag":[],"class_list":{"0":"post-28935","1":"product","2":"type-product","3":"status-publish","4":"has-post-thumbnail","6":"product_cat-homme","7":"product_cat-polos-et-t-shirt-homme","8":"pa_couleur-marino-blanco","9":"pa_taille-2xl-3xl","10":"pa_taille-l","11":"pa_taille-m","12":"pa_taille-s","13":"pa_taille-xl","15":"first","16":"outofstock","17":"purchasable","18":"product-type-variable"},"_links":{"self":[{"href":"https:\/\/accrosport.tn\/index.php\/wp-json\/wp\/v2\/product\/28935","targetHints":{"allow":["GET"]}}],"collection":[{"href":"https:\/\/accrosport.tn\/index.php\/wp-json\/wp\/v2\/product"}],"about":[{"href":"https:\/\/accrosport.tn\/index.php\/wp-json\/wp\/v2\/types\/product"}],"wp:featuredmedia":[{"embeddable":true,"href":"https:\/\/accrosport.tn\/index.php\/wp-json\/wp\/v2\/media\/33947"}],"wp:attachment":[{"href":"https:\/\/accrosport.tn\/index.php\/wp-json\/wp\/v2\/media?parent=28935"}],"wp:term":[{"taxonomy":"product_brand","embeddable":true,"href":"https:\/\/accrosport.tn\/index.php\/wp-json\/wp\/v2\/product_brand?post=28935"},{"taxonomy":"product_cat","embeddable":true,"href":"https:\/\/accrosport.tn\/index.php\/wp-json\/wp\/v2\/product_cat?post=28935"},{"taxonomy":"product_tag","embeddable":true,"href":"https:\/\/accrosport.tn\/index.php\/wp-json\/wp\/v2\/product_tag?post=28935"}],"curies":[{"name":"wp","href":"https:\/\/api.w.org\/{rel}","templated":true}]}}