{"id":28921,"date":"2025-09-25T15:23:24","date_gmt":"2025-09-25T15:23:24","guid":{"rendered":"https:\/\/accrosport.tn\/index.php\/product\/chaqueta-capucha-berna-ii-mari\/"},"modified":"2026-01-08T15:27:49","modified_gmt":"2026-01-08T15:27:49","slug":"chaqueta-capucha-berna-ii-mari","status":"publish","type":"product","link":"https:\/\/accrosport.tn\/index.php\/product\/chaqueta-capucha-berna-ii-mari\/","title":{"rendered":"Anorak homme BERNA II bleu marine"},"content":{"rendered":"<p>L&rsquo;ANORAK BERNA II est un manteau de sport con\u00e7u aussi bien pour les hommes que pour les enfants. Il est id\u00e9al pour une utilisation d\u00e9contract\u00e9e lors d&rsquo;activit\u00e9s de plein air. Il dispose de poignets et d&rsquo;un ourlet c\u00f4tel\u00e9s, garantissant un ajustement confortable et s\u00e9curis\u00e9. De plus, il est dot\u00e9 d&rsquo;une fermeture \u00e9clair sur le devant et de deux poches lat\u00e9rales pour plus de praticit\u00e9.<\/p>\n<p>Une des caract\u00e9ristiques remarquables de ce produit est sa capuche ajustable avec \u00e9lastique, permettant de l&rsquo;adapter \u00e0 diff\u00e9rentes tailles de t\u00eate et offrant une protection suppl\u00e9mentaire contre le vent et la pluie. Cela en fait une option polyvalente pour diff\u00e9rentes conditions climatiques.<\/p>\n<p>L&rsquo;ANORAK BERNA II se distingue par son adaptabilit\u00e9, son confort et sa libert\u00e9 de mouvement. Il est fabriqu\u00e9 en tissu 100% polyester, le rendant chaud et r\u00e9sistant \u00e0 l&rsquo;eau. Son design polyvalent en fait un v\u00eatement adapt\u00e9 aussi bien pour les activit\u00e9s sportives que pour un usage quotidien.<\/p>\n<p>En r\u00e9sum\u00e9, l&rsquo;ANORAK BERNA II est un manteau de sport de haute qualit\u00e9 offrant confort, protection et polyvalence. Son design technique et ses mat\u00e9riaux durables en font une option id\u00e9ale pour ceux qui recherchent un manteau fonctionnel et styl\u00e9 pour leurs activit\u00e9s de plein air.<\/p>\n<p>Les lacets ne sont pas inclus dans les tailles Junior.<\/p>\n","protected":false},"excerpt":{"rendered":"<p>Veste de sport pour homme et enfant. Il s&rsquo;agit d&rsquo;une option pratique et polyvalente, parfaite pour se prot\u00e9ger contre diff\u00e9rentes conditions climatiques lors des activit\u00e9s en plein air. Fabriqu\u00e9 avec un tissu confortable et l\u00e9ger, il permet la libert\u00e9 de mouvement. En fin de compte, c&rsquo;est un basique pour faire du sport et pour une utilisation quotidienne.<\/p>\n","protected":false},"featured_media":34003,"template":"","meta":[],"product_brand":[],"product_cat":[33,60],"product_tag":[],"class_list":{"0":"post-28921","1":"product","2":"type-product","3":"status-publish","4":"has-post-thumbnail","6":"product_cat-homme","7":"product_cat-parkas-homme","8":"pa_couleur-marino","9":"pa_taille-2xl","10":"pa_taille-l","11":"pa_taille-m","12":"pa_taille-s","14":"first","15":"outofstock","16":"sale","17":"purchasable","18":"product-type-variable"},"_links":{"self":[{"href":"https:\/\/accrosport.tn\/index.php\/wp-json\/wp\/v2\/product\/28921","targetHints":{"allow":["GET"]}}],"collection":[{"href":"https:\/\/accrosport.tn\/index.php\/wp-json\/wp\/v2\/product"}],"about":[{"href":"https:\/\/accrosport.tn\/index.php\/wp-json\/wp\/v2\/types\/product"}],"wp:featuredmedia":[{"embeddable":true,"href":"https:\/\/accrosport.tn\/index.php\/wp-json\/wp\/v2\/media\/34003"}],"wp:attachment":[{"href":"https:\/\/accrosport.tn\/index.php\/wp-json\/wp\/v2\/media?parent=28921"}],"wp:term":[{"taxonomy":"product_brand","embeddable":true,"href":"https:\/\/accrosport.tn\/index.php\/wp-json\/wp\/v2\/product_brand?post=28921"},{"taxonomy":"product_cat","embeddable":true,"href":"https:\/\/accrosport.tn\/index.php\/wp-json\/wp\/v2\/product_cat?post=28921"},{"taxonomy":"product_tag","embeddable":true,"href":"https:\/\/accrosport.tn\/index.php\/wp-json\/wp\/v2\/product_tag?post=28921"}],"curies":[{"name":"wp","href":"https:\/\/api.w.org\/{rel}","templated":true}]}}