{"id":28911,"date":"2025-09-25T15:23:19","date_gmt":"2025-09-25T15:23:19","guid":{"rendered":"https:\/\/accrosport.tn\/index.php\/product\/camiseta-tiger-ii-blanco-negro\/"},"modified":"2025-10-16T11:23:02","modified_gmt":"2025-10-16T11:23:02","slug":"camiseta-tiger-ii-blanco-negro","status":"publish","type":"product","link":"https:\/\/accrosport.tn\/index.php\/product\/camiseta-tiger-ii-blanco-negro\/","title":{"rendered":"T-SHIRT TIGRE II NOIR-BLANC"},"content":{"rendered":"<p><span dir=\"auto\">T-shirt \u00e0 manches courtes et col en V. Devant sublim\u00e9 avec effet rayures verticales. Logo J sublim\u00e9.<\/span><\/p>\n<p><span dir=\"auto\">Tissu : 100 % polyester\u00a0<\/span><\/p>\n<p><span dir=\"auto\">Logo <\/span><span dir=\"auto\">Sublim\u00e9<\/span><\/p>\n<p><span dir=\"auto\">Imprim\u00e9 \u00e0 rayures verticales sur le devant<\/span><\/p>\n<p>&nbsp;<\/p>\n","protected":false},"excerpt":{"rendered":"<p><span dir=\"auto\">T-shirt \u00e0 manches courtes et col en V. Devant sublim\u00e9 avec effet rayures verticales.<\/span><\/p>\n","protected":false},"featured_media":34171,"template":"","meta":[],"product_brand":[],"product_cat":[33,63],"product_tag":[],"class_list":{"0":"post-28911","1":"product","2":"type-product","3":"status-publish","4":"has-post-thumbnail","6":"product_cat-homme","7":"product_cat-polos-et-t-shirt-homme","8":"pa_couleur-blanco-negro","9":"pa_taille-2xl-3xl","10":"pa_taille-xl","12":"first","13":"outofstock","14":"purchasable","15":"product-type-variable"},"_links":{"self":[{"href":"https:\/\/accrosport.tn\/index.php\/wp-json\/wp\/v2\/product\/28911","targetHints":{"allow":["GET"]}}],"collection":[{"href":"https:\/\/accrosport.tn\/index.php\/wp-json\/wp\/v2\/product"}],"about":[{"href":"https:\/\/accrosport.tn\/index.php\/wp-json\/wp\/v2\/types\/product"}],"wp:featuredmedia":[{"embeddable":true,"href":"https:\/\/accrosport.tn\/index.php\/wp-json\/wp\/v2\/media\/34171"}],"wp:attachment":[{"href":"https:\/\/accrosport.tn\/index.php\/wp-json\/wp\/v2\/media?parent=28911"}],"wp:term":[{"taxonomy":"product_brand","embeddable":true,"href":"https:\/\/accrosport.tn\/index.php\/wp-json\/wp\/v2\/product_brand?post=28911"},{"taxonomy":"product_cat","embeddable":true,"href":"https:\/\/accrosport.tn\/index.php\/wp-json\/wp\/v2\/product_cat?post=28911"},{"taxonomy":"product_tag","embeddable":true,"href":"https:\/\/accrosport.tn\/index.php\/wp-json\/wp\/v2\/product_tag?post=28911"}],"curies":[{"name":"wp","href":"https:\/\/api.w.org\/{rel}","templated":true}]}}