{"id":28903,"date":"2025-09-25T15:23:19","date_gmt":"2025-09-25T15:23:19","guid":{"rendered":"https:\/\/accrosport.tn\/index.php\/product\/camiseta-grafity-verde-fluor-m\/"},"modified":"2025-10-16T11:23:21","modified_gmt":"2025-10-16T11:23:21","slug":"camiseta-grafity-verde-fluor-m","status":"publish","type":"product","link":"https:\/\/accrosport.tn\/index.php\/product\/camiseta-grafity-verde-fluor-m\/","title":{"rendered":"T-SHIRT GRAFITY VERT FLUOR M"},"content":{"rendered":"<p>T-shirt \u00e0 manches courtes homme\/enfant vous laissera bouche b\u00e9e. Ce maillot technique de football et de futsal allie la qualit\u00e9 et la technologie de pointe de la marque. Libert\u00e9 de mouvement, l\u00e9g\u00e8ret\u00e9 et respirabilit\u00e9 sont ses atouts. Id\u00e9al pour l&rsquo;entra\u00eenement et la comp\u00e9tition.<\/p>\n<p>Il pr\u00e9sente un col en V crois\u00e9 en tissu de base, apportant une touche esth\u00e9tique suppl\u00e9mentaire. Il est \u00e9galement dot\u00e9 d&rsquo;une couture int\u00e9rieure sur mesure pour \u00e9viter les frottements. Les manches raglan optimisent la libert\u00e9 de mouvement, offrant au joueur une souplesse et une \u00e9lasticit\u00e9 exceptionnelles.<\/p>\n<p>Il est fabriqu\u00e9 dans un tissu l\u00e9ger, r\u00e9sistant au vieillissement et respirant. Cette derni\u00e8re caract\u00e9ristique est renforc\u00e9e par les empi\u00e8cements en Micro-Mesh System sur les c\u00f4t\u00e9s et sous les bras, un syst\u00e8me capable de r\u00e9guler la transpiration aux endroits les plus sensibles. Le corps du joueur est ainsi prot\u00e9g\u00e9 de l&rsquo;humidit\u00e9 en permanence, procurant une sensation de confort extraordinaire. De plus, le Micro-Mesh System limite la prolif\u00e9ration des champignons responsables des mauvaises odeurs.<\/p>\n<p>Le design est r\u00e9alis\u00e9 par sublimation frontale avec des compositions en d\u00e9grad\u00e9. R\u00e9sultat : un effet d&rsquo;optique moderne qui rompt avec le style traditionnel des maillots de football et de futsal.<\/p>\n<p>Logo Joma sublim\u00e9.<\/p>\n","protected":false},"excerpt":{"rendered":"<p>T-shirt \u00e0 manches courtes pour hommes et gar\u00e7ons. Adapt\u00e9 \u00e0 de nombreux sports, il offre une grande libert\u00e9 de mouvement. Il est \u00e9galement respirant au niveau des zones de transpiration pour limiter la hausse de temp\u00e9rature corporelle.<\/p>\n","protected":false},"featured_media":34141,"template":"","meta":[],"product_brand":[],"product_cat":[33,63],"product_tag":[],"class_list":{"0":"post-28903","1":"product","2":"type-product","3":"status-publish","4":"has-post-thumbnail","6":"product_cat-homme","7":"product_cat-polos-et-t-shirt-homme","8":"pa_couleur-verde-fluor","9":"pa_taille-l","10":"pa_taille-m","11":"pa_taille-xl","13":"first","14":"outofstock","15":"purchasable","16":"product-type-variable"},"_links":{"self":[{"href":"https:\/\/accrosport.tn\/index.php\/wp-json\/wp\/v2\/product\/28903","targetHints":{"allow":["GET"]}}],"collection":[{"href":"https:\/\/accrosport.tn\/index.php\/wp-json\/wp\/v2\/product"}],"about":[{"href":"https:\/\/accrosport.tn\/index.php\/wp-json\/wp\/v2\/types\/product"}],"wp:featuredmedia":[{"embeddable":true,"href":"https:\/\/accrosport.tn\/index.php\/wp-json\/wp\/v2\/media\/34141"}],"wp:attachment":[{"href":"https:\/\/accrosport.tn\/index.php\/wp-json\/wp\/v2\/media?parent=28903"}],"wp:term":[{"taxonomy":"product_brand","embeddable":true,"href":"https:\/\/accrosport.tn\/index.php\/wp-json\/wp\/v2\/product_brand?post=28903"},{"taxonomy":"product_cat","embeddable":true,"href":"https:\/\/accrosport.tn\/index.php\/wp-json\/wp\/v2\/product_cat?post=28903"},{"taxonomy":"product_tag","embeddable":true,"href":"https:\/\/accrosport.tn\/index.php\/wp-json\/wp\/v2\/product_tag?post=28903"}],"curies":[{"name":"wp","href":"https:\/\/api.w.org\/{rel}","templated":true}]}}