{"id":28869,"date":"2025-09-25T15:23:09","date_gmt":"2025-09-25T15:23:09","guid":{"rendered":"https:\/\/accrosport.tn\/index.php\/product\/short-liga-negro-blanco\/"},"modified":"2025-11-30T11:30:57","modified_gmt":"2025-11-30T11:30:57","slug":"short-liga-negro-blanco","status":"publish","type":"product","link":"https:\/\/accrosport.tn\/index.php\/product\/short-liga-negro-blanco\/","title":{"rendered":"Short homme Liga noir blanc"},"content":{"rendered":"<p>Short pour homme\/gar\u00e7on. Mod\u00e8le d\u2019entra\u00eenement et de comp\u00e9tition pour les sports qui n\u00e9cessitent un confort et une libert\u00e9 de mouvement accrus, comme le football ou le futsal. Fabriqu\u00e9 avec un design vaporeux avec de petites ouvertures dans des zones strat\u00e9giques afin de ne pas restreindre les mouvements \u00e0 tout moment. Il est \u00e9galement l\u00e9ger et respirant.<\/p>\n<p>Il est dot\u00e9 d\u2019une ceinture \u00e9lastiqu\u00e9e qui assure un bon maintien du v\u00eatement, pour \u00e9viter que le short ne glisse pendant les mouvements. La coupe est r\u00e9glable gr\u00e2ce aux cordons plats situ\u00e9s \u00e0 l\u2019int\u00e9rieur de la ceinture. La coupe ample permet au joueur de bouger librement, ce qui lui permet de dribbler, de faire des passes et de tirer au but rapidement. Ce dernier avantage est renforc\u00e9 par les deux fentes sur l\u2019ourlet lat\u00e9ral, qui augmentent la longueur de la foul\u00e9e pour courir et frapper le ballon avec plus de puissance.<\/p>\n<p>Il est fabriqu\u00e9 dans un tissu l\u00e9ger et confortable qui r\u00e9siste aux frottements, aux chutes et au lavage. Il permet \u00e9galement d\u2019\u00e9vacuer la transpiration, de sorte que le corps du joueur reste frais et sec en permanence. Rien ne peut vous distraire sur le terrain.<\/p>\n<p>Le design simple de ce short pr\u00e9sente des d\u00e9tails de profil avec des passepoils contrast\u00e9s. Un short technique pour jouer comme un footballeur d\u2019\u00e9lite.<\/p>\n<p>Logo Joma brod\u00e9.<\/p>\n","protected":false},"excerpt":{"rendered":"<p>Short de foot et de futsal homme. Totale libert\u00e9 de mouvement pendant les matchs. \u00c9galement tr\u00e8s l\u00e9ger, ce short s&rsquo;adapte parfaitement au corps.<\/p>\n","protected":false},"featured_media":34380,"template":"","meta":[],"product_brand":[],"product_cat":[62,33],"product_tag":[],"class_list":{"0":"post-28869","1":"product","2":"type-product","3":"status-publish","4":"has-post-thumbnail","6":"product_cat-bermudas-et-shorts-homme","7":"product_cat-homme","8":"pa_couleur-negro-blanco","9":"pa_taille-2xl-3xl","10":"pa_taille-l","11":"pa_taille-m","12":"pa_taille-s","13":"pa_taille-xl","15":"first","16":"outofstock","17":"purchasable","18":"product-type-variable"},"_links":{"self":[{"href":"https:\/\/accrosport.tn\/index.php\/wp-json\/wp\/v2\/product\/28869","targetHints":{"allow":["GET"]}}],"collection":[{"href":"https:\/\/accrosport.tn\/index.php\/wp-json\/wp\/v2\/product"}],"about":[{"href":"https:\/\/accrosport.tn\/index.php\/wp-json\/wp\/v2\/types\/product"}],"wp:featuredmedia":[{"embeddable":true,"href":"https:\/\/accrosport.tn\/index.php\/wp-json\/wp\/v2\/media\/34380"}],"wp:attachment":[{"href":"https:\/\/accrosport.tn\/index.php\/wp-json\/wp\/v2\/media?parent=28869"}],"wp:term":[{"taxonomy":"product_brand","embeddable":true,"href":"https:\/\/accrosport.tn\/index.php\/wp-json\/wp\/v2\/product_brand?post=28869"},{"taxonomy":"product_cat","embeddable":true,"href":"https:\/\/accrosport.tn\/index.php\/wp-json\/wp\/v2\/product_cat?post=28869"},{"taxonomy":"product_tag","embeddable":true,"href":"https:\/\/accrosport.tn\/index.php\/wp-json\/wp\/v2\/product_tag?post=28869"}],"curies":[{"name":"wp","href":"https:\/\/api.w.org\/{rel}","templated":true}]}}