{"id":28865,"date":"2025-09-25T15:23:09","date_gmt":"2025-09-25T15:23:09","guid":{"rendered":"https:\/\/accrosport.tn\/index.php\/product\/bermuda-supernova-marino-blanc\/"},"modified":"2025-10-21T13:47:32","modified_gmt":"2025-10-21T13:47:32","slug":"bermuda-supernova-marino-blanc","status":"publish","type":"product","link":"https:\/\/accrosport.tn\/index.php\/product\/bermuda-supernova-marino-blanc\/","title":{"rendered":"Bermuda homme Supernova marine blanc"},"content":{"rendered":"<p>Short avec pi\u00e8ces en contraste de couleur sur les c\u00f4t\u00e9s. Il comprend des poches. Logotype brod\u00e9.<\/p>\n","protected":false},"excerpt":{"rendered":"<p>Short homme\/gar\u00e7on adapt\u00e9 \u00e0 diff\u00e9rents sports. S\u2019adapte au corps et poss\u00e8de un tissu r\u00e9sistant qui prolonge la dur\u00e9e de vie du v\u00eatement.<\/p>\n","protected":false},"featured_media":34374,"template":"","meta":[],"product_brand":[],"product_cat":[62,33],"product_tag":[],"class_list":{"0":"post-28865","1":"product","2":"type-product","3":"status-publish","4":"has-post-thumbnail","6":"product_cat-bermudas-et-shorts-homme","7":"product_cat-homme","8":"pa_couleur-marino-blanco","9":"pa_taille-2xl-3xl","10":"pa_taille-s","11":"pa_taille-xl","13":"first","14":"outofstock","15":"purchasable","16":"product-type-variable"},"_links":{"self":[{"href":"https:\/\/accrosport.tn\/index.php\/wp-json\/wp\/v2\/product\/28865","targetHints":{"allow":["GET"]}}],"collection":[{"href":"https:\/\/accrosport.tn\/index.php\/wp-json\/wp\/v2\/product"}],"about":[{"href":"https:\/\/accrosport.tn\/index.php\/wp-json\/wp\/v2\/types\/product"}],"wp:featuredmedia":[{"embeddable":true,"href":"https:\/\/accrosport.tn\/index.php\/wp-json\/wp\/v2\/media\/34374"}],"wp:attachment":[{"href":"https:\/\/accrosport.tn\/index.php\/wp-json\/wp\/v2\/media?parent=28865"}],"wp:term":[{"taxonomy":"product_brand","embeddable":true,"href":"https:\/\/accrosport.tn\/index.php\/wp-json\/wp\/v2\/product_brand?post=28865"},{"taxonomy":"product_cat","embeddable":true,"href":"https:\/\/accrosport.tn\/index.php\/wp-json\/wp\/v2\/product_cat?post=28865"},{"taxonomy":"product_tag","embeddable":true,"href":"https:\/\/accrosport.tn\/index.php\/wp-json\/wp\/v2\/product_tag?post=28865"}],"curies":[{"name":"wp","href":"https:\/\/api.w.org\/{rel}","templated":true}]}}