{"id":28861,"date":"2025-09-25T15:23:09","date_gmt":"2025-09-25T15:23:09","guid":{"rendered":"https:\/\/accrosport.tn\/index.php\/product\/bermuda-supernova-negro-verde\/"},"modified":"2025-10-21T09:41:34","modified_gmt":"2025-10-21T09:41:34","slug":"bermuda-supernova-negro-verde","status":"publish","type":"product","link":"https:\/\/accrosport.tn\/index.php\/product\/bermuda-supernova-negro-verde\/","title":{"rendered":"Bermuda homme Supernova noir vert fluo"},"content":{"rendered":"<p>Short avec pi\u00e8ces en contraste de couleur sur les c\u00f4t\u00e9s. Il comprend des poches. Logotype brod\u00e9.<\/p>\n","protected":false},"excerpt":{"rendered":"<p>Short homme\/gar\u00e7on adapt\u00e9 \u00e0 diff\u00e9rents sports. S\u2019adapte au corps et poss\u00e8de un tissu r\u00e9sistant qui prolonge la dur\u00e9e de vie du v\u00eatement.<\/p>\n","protected":false},"featured_media":34306,"template":"","meta":[],"product_brand":[],"product_cat":[62,33],"product_tag":[],"class_list":{"0":"post-28861","1":"product","2":"type-product","3":"status-publish","4":"has-post-thumbnail","6":"product_cat-bermudas-et-shorts-homme","7":"product_cat-homme","8":"pa_couleur-negro-verde-fluor","9":"pa_taille-l","10":"pa_taille-m","11":"pa_taille-xl","13":"first","14":"outofstock","15":"purchasable","16":"product-type-variable"},"_links":{"self":[{"href":"https:\/\/accrosport.tn\/index.php\/wp-json\/wp\/v2\/product\/28861","targetHints":{"allow":["GET"]}}],"collection":[{"href":"https:\/\/accrosport.tn\/index.php\/wp-json\/wp\/v2\/product"}],"about":[{"href":"https:\/\/accrosport.tn\/index.php\/wp-json\/wp\/v2\/types\/product"}],"wp:featuredmedia":[{"embeddable":true,"href":"https:\/\/accrosport.tn\/index.php\/wp-json\/wp\/v2\/media\/34306"}],"wp:attachment":[{"href":"https:\/\/accrosport.tn\/index.php\/wp-json\/wp\/v2\/media?parent=28861"}],"wp:term":[{"taxonomy":"product_brand","embeddable":true,"href":"https:\/\/accrosport.tn\/index.php\/wp-json\/wp\/v2\/product_brand?post=28861"},{"taxonomy":"product_cat","embeddable":true,"href":"https:\/\/accrosport.tn\/index.php\/wp-json\/wp\/v2\/product_cat?post=28861"},{"taxonomy":"product_tag","embeddable":true,"href":"https:\/\/accrosport.tn\/index.php\/wp-json\/wp\/v2\/product_tag?post=28861"}],"curies":[{"name":"wp","href":"https:\/\/api.w.org\/{rel}","templated":true}]}}