{"id":28858,"date":"2025-09-25T15:23:09","date_gmt":"2025-09-25T15:23:09","guid":{"rendered":"https:\/\/accrosport.tn\/index.php\/product\/bermuda-supernova-negro-rojo\/"},"modified":"2025-10-16T14:15:16","modified_gmt":"2025-10-16T14:15:16","slug":"bermuda-supernova-negro-rojo","status":"publish","type":"product","link":"https:\/\/accrosport.tn\/index.php\/product\/bermuda-supernova-negro-rojo\/","title":{"rendered":"Bermuda homme Supernova noir rouge"},"content":{"rendered":"<p>Short homme\/gar\u00e7on. Adapt\u00e9 \u00e0 l&rsquo;entra\u00eenement et \u00e0 la comp\u00e9tition dans des sports comme le football et le futsal. L\u00e9ger, respirant et offrant une grande libert\u00e9 de mouvement, ce short est con\u00e7u pour permettre aux footballeurs de donner le meilleur d&rsquo;eux-m\u00eames sur le terrain.<\/p>\n<p>Le short a une taille r\u00e9glable avec cordon de serrage et des poches lat\u00e9rales non zipp\u00e9es pour ranger de petits objets.<\/p>\n<p>Confectionn\u00e9s dans un tissu l\u00e9ger et r\u00e9sistant, ils \u00e9pousent parfaitement les formes du corps et offrent une grande libert\u00e9 de mouvement. Les petites fentes sur l&rsquo;ourlet lat\u00e9ral contribuent \u00e0 cette libert\u00e9 de mouvement. Ils sont \u00e9galement dot\u00e9s de composants \u00e9vacuant la transpiration, gardant le corps du joueur au frais et au sec tout au long du match.<\/p>\n<p>Il pr\u00e9sente \u00e9galement des empi\u00e8cements de couleur contrast\u00e9e sur les c\u00f4t\u00e9s pour une touche de style. Vous pouvez l&rsquo;associer \u00e0 un t-shirt technique assorti reprenant ces d\u00e9tails.<\/p>\n<p>Logo Joma brod\u00e9.<\/p>\n","protected":false},"excerpt":{"rendered":"<p>Short homme\/gar\u00e7on pour de nombreux sports. Chaque d\u00e9tail compte, et c&rsquo;est pourquoi ce short deviendra un v\u00eatement utile et polyvalent gr\u00e2ce \u00e0 sa polyvalence.<\/p>\n","protected":false},"featured_media":34221,"template":"","meta":[],"product_brand":[],"product_cat":[62,33],"product_tag":[],"class_list":{"0":"post-28858","1":"product","2":"type-product","3":"status-publish","4":"has-post-thumbnail","6":"product_cat-bermudas-et-shorts-homme","7":"product_cat-homme","8":"pa_couleur-negro-rojo","9":"pa_taille-m","10":"pa_taille-xl","12":"first","13":"outofstock","14":"purchasable","15":"product-type-variable"},"_links":{"self":[{"href":"https:\/\/accrosport.tn\/index.php\/wp-json\/wp\/v2\/product\/28858","targetHints":{"allow":["GET"]}}],"collection":[{"href":"https:\/\/accrosport.tn\/index.php\/wp-json\/wp\/v2\/product"}],"about":[{"href":"https:\/\/accrosport.tn\/index.php\/wp-json\/wp\/v2\/types\/product"}],"wp:featuredmedia":[{"embeddable":true,"href":"https:\/\/accrosport.tn\/index.php\/wp-json\/wp\/v2\/media\/34221"}],"wp:attachment":[{"href":"https:\/\/accrosport.tn\/index.php\/wp-json\/wp\/v2\/media?parent=28858"}],"wp:term":[{"taxonomy":"product_brand","embeddable":true,"href":"https:\/\/accrosport.tn\/index.php\/wp-json\/wp\/v2\/product_brand?post=28858"},{"taxonomy":"product_cat","embeddable":true,"href":"https:\/\/accrosport.tn\/index.php\/wp-json\/wp\/v2\/product_cat?post=28858"},{"taxonomy":"product_tag","embeddable":true,"href":"https:\/\/accrosport.tn\/index.php\/wp-json\/wp\/v2\/product_tag?post=28858"}],"curies":[{"name":"wp","href":"https:\/\/api.w.org\/{rel}","templated":true}]}}