{"id":28848,"date":"2025-09-25T15:23:03","date_gmt":"2025-09-25T15:23:03","guid":{"rendered":"https:\/\/accrosport.tn\/index.php\/product\/short-liga-gold-negro\/"},"modified":"2025-11-13T14:46:00","modified_gmt":"2025-11-13T14:46:00","slug":"short-liga-gold-negro","status":"publish","type":"product","link":"https:\/\/accrosport.tn\/index.php\/product\/short-liga-gold-negro\/","title":{"rendered":"SHORT LIGA GOLD NEGRO"},"content":{"rendered":"<p>Short ajustable \u00e0 taille \u00e9lastique et cordon de serrage. D\u00e9tails passepoil\u00e9s contrastants sur les c\u00f4t\u00e9s. Logo brod\u00e9.<\/p>\n<p><strong>D\u00e9tails:<\/strong><\/p>\n<p><strong>Composition:<\/strong><\/p>\n<p>Tissu : 100 % polyester interlock ; 145 g\/m\u00b2<\/p>\n<p>Poche:<\/p>\n<p>Pas de poches<\/p>\n<p>Logo:<\/p>\n<p>brod\u00e9<\/p>\n<p><strong>Caract\u00e9ristiques:<\/strong><\/p>\n<p>Coutures passepoil\u00e9es contrastantes sur les c\u00f4t\u00e9s et taille \u00e9lastiqu\u00e9e ajustable par cordon de serrage.<\/p>\n","protected":false},"excerpt":{"rendered":"<p>Short ajustable \u00e0 taille \u00e9lastique et cordon de serrage. D\u00e9tails passepoil\u00e9s contrastants sur les c\u00f4t\u00e9s. Logo brod\u00e9.<\/p>\n","protected":false},"featured_media":35319,"template":"","meta":[],"product_brand":[],"product_cat":[62,33],"product_tag":[],"class_list":{"0":"post-28848","1":"product","2":"type-product","3":"status-publish","4":"has-post-thumbnail","6":"product_cat-bermudas-et-shorts-homme","7":"product_cat-homme","8":"pa_couleur-negro","9":"pa_taille-2xl-3xl","10":"pa_taille-l","11":"pa_taille-m","12":"pa_taille-s","13":"pa_taille-xl","15":"first","16":"outofstock","17":"purchasable","18":"product-type-variable"},"_links":{"self":[{"href":"https:\/\/accrosport.tn\/index.php\/wp-json\/wp\/v2\/product\/28848","targetHints":{"allow":["GET"]}}],"collection":[{"href":"https:\/\/accrosport.tn\/index.php\/wp-json\/wp\/v2\/product"}],"about":[{"href":"https:\/\/accrosport.tn\/index.php\/wp-json\/wp\/v2\/types\/product"}],"wp:featuredmedia":[{"embeddable":true,"href":"https:\/\/accrosport.tn\/index.php\/wp-json\/wp\/v2\/media\/35319"}],"wp:attachment":[{"href":"https:\/\/accrosport.tn\/index.php\/wp-json\/wp\/v2\/media?parent=28848"}],"wp:term":[{"taxonomy":"product_brand","embeddable":true,"href":"https:\/\/accrosport.tn\/index.php\/wp-json\/wp\/v2\/product_brand?post=28848"},{"taxonomy":"product_cat","embeddable":true,"href":"https:\/\/accrosport.tn\/index.php\/wp-json\/wp\/v2\/product_cat?post=28848"},{"taxonomy":"product_tag","embeddable":true,"href":"https:\/\/accrosport.tn\/index.php\/wp-json\/wp\/v2\/product_tag?post=28848"}],"curies":[{"name":"wp","href":"https:\/\/api.w.org\/{rel}","templated":true}]}}