{"id":28844,"date":"2025-09-25T15:23:03","date_gmt":"2025-09-25T15:23:03","guid":{"rendered":"https:\/\/accrosport.tn\/index.php\/product\/chubasquero-cervino-marino\/"},"modified":"2025-10-21T14:55:09","modified_gmt":"2025-10-21T14:55:09","slug":"chubasquero-cervino-marino","status":"publish","type":"product","link":"https:\/\/accrosport.tn\/index.php\/product\/chubasquero-cervino-marino\/","title":{"rendered":"Imperm\u00e9able homme Cervino bleu marine"},"content":{"rendered":"<p>Imperm\u00e9able mi-long avec fermeture \u00e9clair et capuche. Comprend une poche int\u00e9rieure et deux ext\u00e9rieures avec fermeture \u00e9clair. Tissu imperm\u00e9able, isolation thermique. Comprend des poignets c\u00f4tel\u00e9s pour un meilleur ajustement. Logo brod\u00e9.<\/p>\n","protected":false},"excerpt":{"rendered":"<p>Imperm\u00e9able homme\/gar\u00e7on, r\u00e9sistant \u00e0 la pluie et au vent. Veste imperm\u00e9able zipp\u00e9e, indispensable pour vous entra\u00eener ou sortir lorsqu&rsquo;il pleut.<\/p>\n","protected":false},"featured_media":34421,"template":"","meta":[],"product_brand":[],"product_cat":[33,60],"product_tag":[],"class_list":{"0":"post-28844","1":"product","2":"type-product","3":"status-publish","4":"has-post-thumbnail","6":"product_cat-homme","7":"product_cat-parkas-homme","8":"pa_couleur-marino","9":"pa_taille-2xl","10":"pa_taille-m","11":"pa_taille-s","13":"first","14":"outofstock","15":"sale","16":"purchasable","17":"product-type-variable"},"_links":{"self":[{"href":"https:\/\/accrosport.tn\/index.php\/wp-json\/wp\/v2\/product\/28844","targetHints":{"allow":["GET"]}}],"collection":[{"href":"https:\/\/accrosport.tn\/index.php\/wp-json\/wp\/v2\/product"}],"about":[{"href":"https:\/\/accrosport.tn\/index.php\/wp-json\/wp\/v2\/types\/product"}],"wp:featuredmedia":[{"embeddable":true,"href":"https:\/\/accrosport.tn\/index.php\/wp-json\/wp\/v2\/media\/34421"}],"wp:attachment":[{"href":"https:\/\/accrosport.tn\/index.php\/wp-json\/wp\/v2\/media?parent=28844"}],"wp:term":[{"taxonomy":"product_brand","embeddable":true,"href":"https:\/\/accrosport.tn\/index.php\/wp-json\/wp\/v2\/product_brand?post=28844"},{"taxonomy":"product_cat","embeddable":true,"href":"https:\/\/accrosport.tn\/index.php\/wp-json\/wp\/v2\/product_cat?post=28844"},{"taxonomy":"product_tag","embeddable":true,"href":"https:\/\/accrosport.tn\/index.php\/wp-json\/wp\/v2\/product_tag?post=28844"}],"curies":[{"name":"wp","href":"https:\/\/api.w.org\/{rel}","templated":true}]}}