{"id":28823,"date":"2025-09-25T15:22:57","date_gmt":"2025-09-25T15:22:57","guid":{"rendered":"https:\/\/accrosport.tn\/index.php\/product\/camiseta-supernova-negro-verde\/"},"modified":"2025-10-22T11:49:29","modified_gmt":"2025-10-22T11:49:29","slug":"camiseta-supernova-negro-verde","status":"publish","type":"product","link":"https:\/\/accrosport.tn\/index.php\/product\/camiseta-supernova-negro-verde\/","title":{"rendered":"T-shirt homme manches courtes Supernova noir vert"},"content":{"rendered":"<p><span dir=\"auto\">T-shirt \u00e0 manches courtes homme\/enfant. Ce maillot technique de football et de futsal est con\u00e7u pour les matchs et les entra\u00eenements, mais gr\u00e2ce \u00e0 sa technologie, il est principalement destin\u00e9 \u00e0 la comp\u00e9tition. Son tissu r\u00e9sistant, l\u00e9ger et respirant offre le confort et la performance n\u00e9cessaires pour donner le meilleur de vous-m\u00eame sur le terrain.<\/span><\/p>\n<p><span dir=\"auto\">Ce t-shirt pr\u00e9sente un col en V en tissu de base et des manches raglan. Ce type de manches offre plus de souplesse, fluidifie les mouvements et \u00e9limine les contraintes li\u00e9es aux coutures aux \u00e9paules.<\/span><\/p>\n<p><span dir=\"auto\">Quant \u00e0 sa conception, elle est confectionn\u00e9e dans un tissu l\u00e9ger et respirant qui vous gardera au frais et au sec, vous permettant ainsi de vous concentrer pleinement sur vos performances. Cette \u00e9vacuation de la transpiration est optimis\u00e9e gr\u00e2ce \u00e0 l&rsquo;ajout de la technologie Micro-Mesh System au niveau des aisselles et des c\u00f4t\u00e9s, zones o\u00f9 l&rsquo;humidit\u00e9 s&rsquo;accumule le plus. Cela pr\u00e9vient la prolif\u00e9ration des champignons responsables des odeurs corporelles.<\/span><\/p>\n<p><span dir=\"auto\">Le design bicolore pr\u00e9sente une sublimation g\u00e9om\u00e9trique avec un effet optique moderne. Un imprim\u00e9 original qui conf\u00e8re \u00e0 ce t-shirt technique une touche d&rsquo;innovation.<\/span><\/p>\n<p><span dir=\"auto\">Logo Joma brod\u00e9 pour plus d&rsquo;\u00e9l\u00e9gance.<\/span><\/p>\n","protected":false},"excerpt":{"rendered":"<p>T-shirt multisports \u00e0 manches courtes pour homme\/gar\u00e7on. Fabriqu\u00e9 dans un tissu respirant qui \u00e9vacue la transpiration. Sa mati\u00e8re r\u00e9sistante r\u00e9siste aux chocs et aux chutes.<\/p>\n","protected":false},"featured_media":34429,"template":"","meta":[],"product_brand":[],"product_cat":[33,63],"product_tag":[],"class_list":{"0":"post-28823","1":"product","2":"type-product","3":"status-publish","4":"has-post-thumbnail","6":"product_cat-homme","7":"product_cat-polos-et-t-shirt-homme","8":"pa_couleur-negro-verde-fluor","9":"pa_taille-2xl-3xl","10":"pa_taille-l","11":"pa_taille-m","12":"pa_taille-s","14":"first","15":"outofstock","16":"purchasable","17":"product-type-variable"},"_links":{"self":[{"href":"https:\/\/accrosport.tn\/index.php\/wp-json\/wp\/v2\/product\/28823","targetHints":{"allow":["GET"]}}],"collection":[{"href":"https:\/\/accrosport.tn\/index.php\/wp-json\/wp\/v2\/product"}],"about":[{"href":"https:\/\/accrosport.tn\/index.php\/wp-json\/wp\/v2\/types\/product"}],"wp:featuredmedia":[{"embeddable":true,"href":"https:\/\/accrosport.tn\/index.php\/wp-json\/wp\/v2\/media\/34429"}],"wp:attachment":[{"href":"https:\/\/accrosport.tn\/index.php\/wp-json\/wp\/v2\/media?parent=28823"}],"wp:term":[{"taxonomy":"product_brand","embeddable":true,"href":"https:\/\/accrosport.tn\/index.php\/wp-json\/wp\/v2\/product_brand?post=28823"},{"taxonomy":"product_cat","embeddable":true,"href":"https:\/\/accrosport.tn\/index.php\/wp-json\/wp\/v2\/product_cat?post=28823"},{"taxonomy":"product_tag","embeddable":true,"href":"https:\/\/accrosport.tn\/index.php\/wp-json\/wp\/v2\/product_tag?post=28823"}],"curies":[{"name":"wp","href":"https:\/\/api.w.org\/{rel}","templated":true}]}}