{"id":28820,"date":"2025-09-25T15:22:57","date_gmt":"2025-09-25T15:22:57","guid":{"rendered":"https:\/\/accrosport.tn\/index.php\/product\/set-roma-ii-royal-marino-m-c\/"},"modified":"2025-10-22T11:21:31","modified_gmt":"2025-10-22T11:21:31","slug":"set-roma-ii-royal-marino-m-c","status":"publish","type":"product","link":"https:\/\/accrosport.tn\/index.php\/product\/set-roma-ii-royal-marino-m-c\/","title":{"rendered":"SET HOMME ROMA II ROYAL-MARINE M\/C"},"content":{"rendered":"<p><span dir=\"auto\">Le syst\u00e8me de reliure assure confort et protection contre les frottements. Logos s\u00e9rigraphi\u00e9s sur les manches et brod\u00e9s sur le devant. Le short est compos\u00e9 de deux pi\u00e8ces contrast\u00e9es.<\/span><\/p>\n<p><span dir=\"auto\">Composition:<\/span><\/p>\n<p><span dir=\"auto\">Tissu 1 : 100 % polyester interlock<\/span><\/p>\n<p><span dir=\"auto\">Tissu 2 : Maille 100 % polyester<\/span><\/p>\n<p><span dir=\"auto\">Poches:<\/span><\/p>\n<p><span dir=\"auto\">Pas de poches<\/span><\/p>\n<p><span dir=\"auto\">Logo brod\u00e9 sur le devant et logo s\u00e9rigraphi\u00e9 sur les \u00e9paules<\/span><\/p>\n<p><span dir=\"auto\">Couleur contrastante sur l&rsquo;\u00e9paule en chemise et short<\/span><\/p>\n","protected":false},"excerpt":{"rendered":"<p>Ensemble t-shirt et short. Ce t-shirt \u00e0 col rond est dot\u00e9 d&rsquo;une \u00e9paulette contrastante.<\/p>\n","protected":false},"featured_media":34427,"template":"","meta":[],"product_brand":[],"product_cat":[62,33],"product_tag":[],"class_list":{"0":"post-28820","1":"product","2":"type-product","3":"status-publish","4":"has-post-thumbnail","6":"product_cat-bermudas-et-shorts-homme","7":"product_cat-homme","8":"pa_couleur-royal-marino","9":"pa_taille-2xl-3xl","10":"pa_taille-s","12":"first","13":"outofstock","14":"purchasable","15":"product-type-variable"},"_links":{"self":[{"href":"https:\/\/accrosport.tn\/index.php\/wp-json\/wp\/v2\/product\/28820","targetHints":{"allow":["GET"]}}],"collection":[{"href":"https:\/\/accrosport.tn\/index.php\/wp-json\/wp\/v2\/product"}],"about":[{"href":"https:\/\/accrosport.tn\/index.php\/wp-json\/wp\/v2\/types\/product"}],"wp:featuredmedia":[{"embeddable":true,"href":"https:\/\/accrosport.tn\/index.php\/wp-json\/wp\/v2\/media\/34427"}],"wp:attachment":[{"href":"https:\/\/accrosport.tn\/index.php\/wp-json\/wp\/v2\/media?parent=28820"}],"wp:term":[{"taxonomy":"product_brand","embeddable":true,"href":"https:\/\/accrosport.tn\/index.php\/wp-json\/wp\/v2\/product_brand?post=28820"},{"taxonomy":"product_cat","embeddable":true,"href":"https:\/\/accrosport.tn\/index.php\/wp-json\/wp\/v2\/product_cat?post=28820"},{"taxonomy":"product_tag","embeddable":true,"href":"https:\/\/accrosport.tn\/index.php\/wp-json\/wp\/v2\/product_tag?post=28820"}],"curies":[{"name":"wp","href":"https:\/\/api.w.org\/{rel}","templated":true}]}}