{"id":28813,"date":"2025-09-25T15:22:52","date_gmt":"2025-09-25T15:22:52","guid":{"rendered":"https:\/\/accrosport.tn\/index.php\/product\/camiseta-crew-iii-royal-blanco\/"},"modified":"2025-10-23T07:40:21","modified_gmt":"2025-10-23T07:40:21","slug":"camiseta-crew-iii-royal-blanco","status":"publish","type":"product","link":"https:\/\/accrosport.tn\/index.php\/product\/camiseta-crew-iii-royal-blanco\/","title":{"rendered":"T-SHIRT CREW III ROYAL-BLANC"},"content":{"rendered":"<p>T-shirt \u00e0 \u00e0 manches coutres, il est dot\u00e9 de la technologie Micromesh sous les aisselles et sur les c\u00f4t\u00e9s pour une meilleure respirabilit\u00e9.<\/p>\n","protected":false},"excerpt":{"rendered":"<p>T-shirt \u00e0 double col en V. Confectionn\u00e9 dans un tissu de base, il pr\u00e9sente des d\u00e9coupes contrast\u00e9es aux \u00e9paules et aux manches.<\/p>\n","protected":false},"featured_media":34460,"template":"","meta":[],"product_brand":[],"product_cat":[33,63],"product_tag":[],"class_list":{"0":"post-28813","1":"product","2":"type-product","3":"status-publish","4":"has-post-thumbnail","6":"product_cat-homme","7":"product_cat-polos-et-t-shirt-homme","8":"pa_couleur-royal-blanco","9":"pa_taille-2xl-3xl","10":"pa_taille-m","11":"pa_taille-s","12":"pa_taille-xl","14":"first","15":"outofstock","16":"purchasable","17":"product-type-variable"},"_links":{"self":[{"href":"https:\/\/accrosport.tn\/index.php\/wp-json\/wp\/v2\/product\/28813","targetHints":{"allow":["GET"]}}],"collection":[{"href":"https:\/\/accrosport.tn\/index.php\/wp-json\/wp\/v2\/product"}],"about":[{"href":"https:\/\/accrosport.tn\/index.php\/wp-json\/wp\/v2\/types\/product"}],"wp:featuredmedia":[{"embeddable":true,"href":"https:\/\/accrosport.tn\/index.php\/wp-json\/wp\/v2\/media\/34460"}],"wp:attachment":[{"href":"https:\/\/accrosport.tn\/index.php\/wp-json\/wp\/v2\/media?parent=28813"}],"wp:term":[{"taxonomy":"product_brand","embeddable":true,"href":"https:\/\/accrosport.tn\/index.php\/wp-json\/wp\/v2\/product_brand?post=28813"},{"taxonomy":"product_cat","embeddable":true,"href":"https:\/\/accrosport.tn\/index.php\/wp-json\/wp\/v2\/product_cat?post=28813"},{"taxonomy":"product_tag","embeddable":true,"href":"https:\/\/accrosport.tn\/index.php\/wp-json\/wp\/v2\/product_tag?post=28813"}],"curies":[{"name":"wp","href":"https:\/\/api.w.org\/{rel}","templated":true}]}}