{"id":28807,"date":"2025-09-25T15:22:52","date_gmt":"2025-09-25T15:22:52","guid":{"rendered":"https:\/\/accrosport.tn\/index.php\/product\/camiseta-crew-iii-verde-blanco\/"},"modified":"2025-10-23T07:27:42","modified_gmt":"2025-10-23T07:27:42","slug":"camiseta-crew-iii-verde-blanco","status":"publish","type":"product","link":"https:\/\/accrosport.tn\/index.php\/product\/camiseta-crew-iii-verde-blanco\/","title":{"rendered":"T-SHIRT CREW III VERT-BLANC"},"content":{"rendered":"<p>T-shirt \u00e0 manches courtes son tissu confortable et l\u00e9ger int\u00e8gre la technologie micromesh favorisant une bonne transpiration aux niveaux des aisselles et sur les c\u00f4t\u00e9s.<\/p>\n<p>Caract\u00e9ristiques g\u00e9n\u00e9rales :<\/p>\n<ul>\n<li>Il int\u00e8gre des coupes contrast\u00e9es aux \u00e9paules et aux manches<\/li>\n<li>Il incorpore la technologie de transpiration micormesh au niveau des aisselles et sur les c\u00f4t\u00e9s afin de faciliter la transpiration<\/li>\n<li>Composition\u00a0: 100% polyester interlock<\/li>\n<\/ul>\n","protected":false},"excerpt":{"rendered":"<p>T-shirt \u00e0 double col en V s&rsquo;associe avec des coupes contrast\u00e9es aux \u00e9paules et aux manches pour un style novateur.<\/p>\n","protected":false},"featured_media":34457,"template":"","meta":[],"product_brand":[],"product_cat":[33,63],"product_tag":[],"class_list":{"0":"post-28807","1":"product","2":"type-product","3":"status-publish","4":"has-post-thumbnail","6":"product_cat-homme","7":"product_cat-polos-et-t-shirt-homme","8":"pa_couleur-verde-blanco","9":"pa_taille-2xl-3xl","10":"pa_taille-l","11":"pa_taille-m","12":"pa_taille-s","13":"pa_taille-xl","15":"first","16":"outofstock","17":"purchasable","18":"product-type-variable"},"_links":{"self":[{"href":"https:\/\/accrosport.tn\/index.php\/wp-json\/wp\/v2\/product\/28807","targetHints":{"allow":["GET"]}}],"collection":[{"href":"https:\/\/accrosport.tn\/index.php\/wp-json\/wp\/v2\/product"}],"about":[{"href":"https:\/\/accrosport.tn\/index.php\/wp-json\/wp\/v2\/types\/product"}],"wp:featuredmedia":[{"embeddable":true,"href":"https:\/\/accrosport.tn\/index.php\/wp-json\/wp\/v2\/media\/34457"}],"wp:attachment":[{"href":"https:\/\/accrosport.tn\/index.php\/wp-json\/wp\/v2\/media?parent=28807"}],"wp:term":[{"taxonomy":"product_brand","embeddable":true,"href":"https:\/\/accrosport.tn\/index.php\/wp-json\/wp\/v2\/product_brand?post=28807"},{"taxonomy":"product_cat","embeddable":true,"href":"https:\/\/accrosport.tn\/index.php\/wp-json\/wp\/v2\/product_cat?post=28807"},{"taxonomy":"product_tag","embeddable":true,"href":"https:\/\/accrosport.tn\/index.php\/wp-json\/wp\/v2\/product_tag?post=28807"}],"curies":[{"name":"wp","href":"https:\/\/api.w.org\/{rel}","templated":true}]}}