{"id":28796,"date":"2025-09-25T15:22:52","date_gmt":"2025-09-25T15:22:52","guid":{"rendered":"https:\/\/accrosport.tn\/index.php\/product\/chandal-championship-v-verde-n\/"},"modified":"2025-10-22T15:24:09","modified_gmt":"2025-10-22T15:24:09","slug":"chandal-championship-v-verde-n","status":"publish","type":"product","link":"https:\/\/accrosport.tn\/index.php\/product\/chandal-championship-v-verde-n\/","title":{"rendered":"Surv\u00eatement homme Championship V vert noir"},"content":{"rendered":"<p><span dir=\"auto\">Ensemble compos\u00e9 d&rsquo;une veste et d&rsquo;un pantalon \u00e0 la coupe semi-ajust\u00e9e avec ourlets ajust\u00e9s. Fermeture zipp\u00e9e sur toute la longueur et col montant. <\/span><\/p>\n<p><span dir=\"auto\">Poches zipp\u00e9es.<\/span><\/p>\n<p><span dir=\"auto\">Veste avec fermeture zipp\u00e9e compl\u00e8te et col montant.<\/span><\/p>\n<p><span dir=\"auto\">Poches avant sur la veste et le pantalon.<\/span><\/p>\n<p><span dir=\"auto\">Pantalon slim.<\/span><\/p>\n<p><span dir=\"auto\">Logo brod\u00e9 sur la veste et le pantalon.<\/span><\/p>\n<p><span dir=\"auto\">Tissu : 100% polyester.<\/span><\/p>\n","protected":false},"excerpt":{"rendered":"<p>Surv\u00eatement d&rsquo;entra\u00eenement Joma Champions V. Cet ensemble comprend une veste et un pantalon.<\/p>\n","protected":false},"featured_media":34449,"template":"","meta":[],"product_brand":[],"product_cat":[33,64],"product_tag":[],"class_list":{"0":"post-28796","1":"product","2":"type-product","3":"status-publish","4":"has-post-thumbnail","6":"product_cat-homme","7":"product_cat-survetements-homme","8":"pa_couleur-verde-negro","9":"pa_taille-2xl","10":"pa_taille-s","12":"first","13":"outofstock","14":"purchasable","15":"product-type-variable"},"_links":{"self":[{"href":"https:\/\/accrosport.tn\/index.php\/wp-json\/wp\/v2\/product\/28796","targetHints":{"allow":["GET"]}}],"collection":[{"href":"https:\/\/accrosport.tn\/index.php\/wp-json\/wp\/v2\/product"}],"about":[{"href":"https:\/\/accrosport.tn\/index.php\/wp-json\/wp\/v2\/types\/product"}],"wp:featuredmedia":[{"embeddable":true,"href":"https:\/\/accrosport.tn\/index.php\/wp-json\/wp\/v2\/media\/34449"}],"wp:attachment":[{"href":"https:\/\/accrosport.tn\/index.php\/wp-json\/wp\/v2\/media?parent=28796"}],"wp:term":[{"taxonomy":"product_brand","embeddable":true,"href":"https:\/\/accrosport.tn\/index.php\/wp-json\/wp\/v2\/product_brand?post=28796"},{"taxonomy":"product_cat","embeddable":true,"href":"https:\/\/accrosport.tn\/index.php\/wp-json\/wp\/v2\/product_cat?post=28796"},{"taxonomy":"product_tag","embeddable":true,"href":"https:\/\/accrosport.tn\/index.php\/wp-json\/wp\/v2\/product_tag?post=28796"}],"curies":[{"name":"wp","href":"https:\/\/api.w.org\/{rel}","templated":true}]}}