{"id":28792,"date":"2025-09-25T15:22:46","date_gmt":"2025-09-25T15:22:46","guid":{"rendered":"https:\/\/accrosport.tn\/index.php\/product\/t-shirt-winner-cotton-red-navy\/"},"modified":"2025-12-04T11:12:50","modified_gmt":"2025-12-04T11:12:50","slug":"t-shirt-winner-cotton-red-navy","status":"publish","type":"product","link":"https:\/\/accrosport.tn\/index.php\/product\/t-shirt-winner-cotton-red-navy\/","title":{"rendered":"T-shirt Winner en coton rouge-marine"},"content":{"rendered":"<p><span dir=\"auto\">T-shirt WINNER COTTON 101107.603 de la marque espagnole de v\u00eatements de sport\u00a0<\/span><b><span dir=\"auto\">JOMA<\/span><\/b><span dir=\"auto\">\u00a0.<\/span><\/p>\n<p>Ce mod\u00e8le est compos\u00e9 \u00e0 65 % de polyester et \u00e0 35 % de coton.<\/p>\n<p>Le polyester est fabriqu\u00e9 \u00e0 partir de fibres synth\u00e9tiques infroissables, durables et r\u00e9sistantes aux agressions ext\u00e9rieures. Il n&rsquo;absorbe pratiquement pas l&rsquo;humidit\u00e9 et s\u00e8che rapidement.<\/p>\n<p>Le coton est une mati\u00e8re naturelle reconnue pour sa l\u00e9g\u00e8ret\u00e9 et son confort. Il absorbe efficacement l&rsquo;humidit\u00e9, pouvant en retenir jusqu&rsquo;\u00e0 50 % de son poids. Gr\u00e2ce \u00e0 sa composition, ce t-shirt offre une totale libert\u00e9 de mouvement pour le sport et autres activit\u00e9s. Son adaptation parfaite au corps vous assure une libert\u00e9 de mouvement optimale lors de vos exercices sportifs.<\/p>\n<p>Le traitement du tissu pr\u00e9vient l&rsquo;usure rapide des mat\u00e9riaux et la d\u00e9coloration des v\u00eatements. Gr\u00e2ce \u00e0 la durabilit\u00e9 du tissu, la dur\u00e9e de vie des t-shirts WINNER COTTON est prolong\u00e9e. Compos\u00e9 de fibres naturelles, le tissu \u00e9pouse les formes du corps, offrant un confort optimal et une respirabilit\u00e9 maximale. L&rsquo;utilisation de mat\u00e9riaux de haute technologie garantit un confort exceptionnel.<\/p>\n<p><strong>Caract\u00e9ristiques:<\/strong><\/p>\n<p>confort;<br \/>\ndouceur;<br \/>\nlibert\u00e9 de mouvement ;<br \/>\ndurabilit\u00e9.<\/p>\n","protected":false},"excerpt":{"rendered":"<p>T-shirt WINNER COTTON 101107.603 de la marque espagnole de v\u00eatements de sport JOMA .<\/p>\n","protected":false},"featured_media":36567,"template":"","meta":[],"product_brand":[],"product_cat":[33,63],"product_tag":[],"class_list":{"0":"post-28792","1":"product","2":"type-product","3":"status-publish","4":"has-post-thumbnail","6":"product_cat-homme","7":"product_cat-polos-et-t-shirt-homme","8":"pa_couleur-rojo-marino","9":"pa_taille-m","10":"pa_taille-s","12":"first","13":"outofstock","14":"purchasable","15":"product-type-variable"},"_links":{"self":[{"href":"https:\/\/accrosport.tn\/index.php\/wp-json\/wp\/v2\/product\/28792","targetHints":{"allow":["GET"]}}],"collection":[{"href":"https:\/\/accrosport.tn\/index.php\/wp-json\/wp\/v2\/product"}],"about":[{"href":"https:\/\/accrosport.tn\/index.php\/wp-json\/wp\/v2\/types\/product"}],"wp:featuredmedia":[{"embeddable":true,"href":"https:\/\/accrosport.tn\/index.php\/wp-json\/wp\/v2\/media\/36567"}],"wp:attachment":[{"href":"https:\/\/accrosport.tn\/index.php\/wp-json\/wp\/v2\/media?parent=28792"}],"wp:term":[{"taxonomy":"product_brand","embeddable":true,"href":"https:\/\/accrosport.tn\/index.php\/wp-json\/wp\/v2\/product_brand?post=28792"},{"taxonomy":"product_cat","embeddable":true,"href":"https:\/\/accrosport.tn\/index.php\/wp-json\/wp\/v2\/product_cat?post=28792"},{"taxonomy":"product_tag","embeddable":true,"href":"https:\/\/accrosport.tn\/index.php\/wp-json\/wp\/v2\/product_tag?post=28792"}],"curies":[{"name":"wp","href":"https:\/\/api.w.org\/{rel}","templated":true}]}}