{"id":28762,"date":"2025-09-25T15:22:41","date_gmt":"2025-09-25T15:22:41","guid":{"rendered":"https:\/\/accrosport.tn\/index.php\/product\/camiseta-brama-academy-rojo-m\/"},"modified":"2025-10-24T08:30:53","modified_gmt":"2025-10-24T08:30:53","slug":"camiseta-brama-academy-rojo-m","status":"publish","type":"product","link":"https:\/\/accrosport.tn\/index.php\/product\/camiseta-brama-academy-rojo-m\/","title":{"rendered":"Maillot Brama Academy rouge M"},"content":{"rendered":"<p>T-shirt int\u00e9rieur \u00e0 manches longues. Mod\u00e8le unisexe, convient aussi bien aux hommes qu\u2019aux femmes. Con\u00e7u pour les sports \u00e0 basses temp\u00e9ratures, lorsque le sportif a besoin de maintenir une temp\u00e9rature corporelle constante. Ce t-shirt thermique a tout pour plaire\u00a0: l\u00e9g\u00e8ret\u00e9, respirabilit\u00e9 et coutures anti-frottement.<\/p>\n<p>Il pr\u00e9sente une coupe pr\u00e8s du corps qui s\u2019adapte \u00e0 toutes les morphologies gr\u00e2ce au tissu extensible, tout en garantissant la libert\u00e9 de mouvement. La technologie BRAMA garantit une bonne isolation thermique, en maintenant un bon \u00e9quilibre entre l\u2019apport de chaleur et l\u2019\u00e9vacuation de la transpiration. Il est respirant dans les zones o\u00f9 la transpiration s\u2019accumule le plus.<\/p>\n<p>Bon contact avec la peau gr\u00e2ce \u00e0 l\u2019incorporation de coutures flatlock qui \u00e9vitent les irritations g\u00eanantes. Avec lui, vous pouvez oublier l\u2019inconfort.<\/p>\n<p>Le col perkins contribue \u00e9galement \u00e0 la protection contre le froid.<\/p>\n<p>Logo Joma s\u00e9rigraphi\u00e9.<\/p>\n","protected":false},"excerpt":{"rendered":"<p>Sous-v\u00eatement unisexe. Sa forme s&rsquo;adapte au corps pour plus de confort. Fin, il se porte facilement sous un autre v\u00eatement.<\/p>\n","protected":false},"featured_media":34490,"template":"","meta":[],"product_brand":[],"product_cat":[33,63],"product_tag":[],"class_list":{"0":"post-28762","1":"product","2":"type-product","3":"status-publish","4":"has-post-thumbnail","6":"product_cat-homme","7":"product_cat-polos-et-t-shirt-homme","8":"pa_couleur-red","9":"pa_taille-l-xl","10":"pa_taille-s-m","12":"first","13":"outofstock","14":"purchasable","15":"product-type-variable"},"_links":{"self":[{"href":"https:\/\/accrosport.tn\/index.php\/wp-json\/wp\/v2\/product\/28762","targetHints":{"allow":["GET"]}}],"collection":[{"href":"https:\/\/accrosport.tn\/index.php\/wp-json\/wp\/v2\/product"}],"about":[{"href":"https:\/\/accrosport.tn\/index.php\/wp-json\/wp\/v2\/types\/product"}],"wp:featuredmedia":[{"embeddable":true,"href":"https:\/\/accrosport.tn\/index.php\/wp-json\/wp\/v2\/media\/34490"}],"wp:attachment":[{"href":"https:\/\/accrosport.tn\/index.php\/wp-json\/wp\/v2\/media?parent=28762"}],"wp:term":[{"taxonomy":"product_brand","embeddable":true,"href":"https:\/\/accrosport.tn\/index.php\/wp-json\/wp\/v2\/product_brand?post=28762"},{"taxonomy":"product_cat","embeddable":true,"href":"https:\/\/accrosport.tn\/index.php\/wp-json\/wp\/v2\/product_cat?post=28762"},{"taxonomy":"product_tag","embeddable":true,"href":"https:\/\/accrosport.tn\/index.php\/wp-json\/wp\/v2\/product_tag?post=28762"}],"curies":[{"name":"wp","href":"https:\/\/api.w.org\/{rel}","templated":true}]}}