{"id":28751,"date":"2025-09-25T15:22:36","date_gmt":"2025-09-25T15:22:36","guid":{"rendered":"https:\/\/accrosport.tn\/index.php\/product\/camiseta-brama-academy-blanco\/"},"modified":"2025-11-13T14:58:54","modified_gmt":"2025-11-13T14:58:54","slug":"camiseta-brama-academy-blanco","status":"publish","type":"product","link":"https:\/\/accrosport.tn\/index.php\/product\/camiseta-brama-academy-blanco\/","title":{"rendered":"T-SHIRT BRAMA ACADEMY BLANC"},"content":{"rendered":"<p><span dir=\"auto\">Sous-v\u00eatement thermique \u00e0 manches longues. Mod\u00e8le unisexe, convient aux hommes et aux femmes. Con\u00e7u pour la pratique sportive par basses temp\u00e9ratures, lorsque les athl\u00e8tes doivent maintenir une temp\u00e9rature corporelle constante. Ce sous-v\u00eatement thermique offre un confort optimal\u00a0: l\u00e9g\u00e8ret\u00e9, respirabilit\u00e9 et coutures anti-irritations.<\/span><\/p>\n<p><span dir=\"auto\">Sa coupe ajust\u00e9e s&rsquo;adapte \u00e0 toutes les morphologies gr\u00e2ce \u00e0 son tissu extensible, tout en garantissant une grande libert\u00e9 de mouvement. La technologie BRAMA garantit une excellente isolation thermique, maintenant un \u00e9quilibre parfait entre apport de chaleur et \u00e9vacuation de la transpiration. Elle est respirante dans les zones o\u00f9 la transpiration s&rsquo;accumule le plus.<\/span><\/p>\n<p><span dir=\"auto\">Excellent contact avec la peau gr\u00e2ce aux coutures plates qui pr\u00e9viennent les irritations. Oubliez l&rsquo;inconfort.<\/span><\/p>\n<p><span dir=\"auto\">Dans les perkings le cou contribue \u00e9galement \u00e0 la protection contre le froid.<\/span><\/p>\n<p><span dir=\"auto\">Logo Joma s\u00e9rigraphi\u00e9.<\/span><\/p>\n","protected":false},"excerpt":{"rendered":"<p>Maillot de corps unisexe. Sa forme \u00e9pouse les formes du corps pour un confort optimal. De plus, il est fin et ne g\u00eane pas sous d&rsquo;autres v\u00eatements. Avec lui, fini l&rsquo;inconfort.<\/p>\n","protected":false},"featured_media":34520,"template":"","meta":[],"product_brand":[],"product_cat":[33,63],"product_tag":[],"class_list":{"0":"post-28751","1":"product","2":"type-product","3":"status-publish","4":"has-post-thumbnail","6":"product_cat-homme","7":"product_cat-polos-et-t-shirt-homme","8":"pa_couleur-white","9":"pa_taille-2xs-xs","10":"pa_taille-l-xl","11":"pa_taille-s-m","13":"first","14":"outofstock","15":"purchasable","16":"product-type-variable"},"_links":{"self":[{"href":"https:\/\/accrosport.tn\/index.php\/wp-json\/wp\/v2\/product\/28751","targetHints":{"allow":["GET"]}}],"collection":[{"href":"https:\/\/accrosport.tn\/index.php\/wp-json\/wp\/v2\/product"}],"about":[{"href":"https:\/\/accrosport.tn\/index.php\/wp-json\/wp\/v2\/types\/product"}],"wp:featuredmedia":[{"embeddable":true,"href":"https:\/\/accrosport.tn\/index.php\/wp-json\/wp\/v2\/media\/34520"}],"wp:attachment":[{"href":"https:\/\/accrosport.tn\/index.php\/wp-json\/wp\/v2\/media?parent=28751"}],"wp:term":[{"taxonomy":"product_brand","embeddable":true,"href":"https:\/\/accrosport.tn\/index.php\/wp-json\/wp\/v2\/product_brand?post=28751"},{"taxonomy":"product_cat","embeddable":true,"href":"https:\/\/accrosport.tn\/index.php\/wp-json\/wp\/v2\/product_cat?post=28751"},{"taxonomy":"product_tag","embeddable":true,"href":"https:\/\/accrosport.tn\/index.php\/wp-json\/wp\/v2\/product_tag?post=28751"}],"curies":[{"name":"wp","href":"https:\/\/api.w.org\/{rel}","templated":true}]}}