{"id":28741,"date":"2025-09-25T15:22:36","date_gmt":"2025-09-25T15:22:36","guid":{"rendered":"https:\/\/accrosport.tn\/index.php\/product\/short-brama-academy-negro\/"},"modified":"2025-10-24T09:05:01","modified_gmt":"2025-10-24T09:05:01","slug":"short-brama-academy-negro","status":"publish","type":"product","link":"https:\/\/accrosport.tn\/index.php\/product\/short-brama-academy-negro\/","title":{"rendered":"Short homme Brama Academy noir"},"content":{"rendered":"<p>Collants courts en tissu respirant et imperm\u00e9able, ils vous offrent un confort optimal et une protection optimale contre les intemp\u00e9ries. R\u00e9sistants \u00e0 la transpiration, l\u00e9gers, doux et flexibles, ils offrent une grande libert\u00e9 de mouvement, tout en offrant confort et maintien.<\/p>\n","protected":false},"excerpt":{"rendered":"<p>Short de course pour homme. Coupe ajust\u00e9e et d\u00e9perlante, il agit comme une seconde peau gr\u00e2ce \u00e0 son tissu imperm\u00e9able et respirant.<\/p>\n","protected":false},"featured_media":34507,"template":"","meta":[],"product_brand":[],"product_cat":[62,33],"product_tag":[],"class_list":{"0":"post-28741","1":"product","2":"type-product","3":"status-publish","4":"has-post-thumbnail","6":"product_cat-bermudas-et-shorts-homme","7":"product_cat-homme","8":"pa_couleur-noir","9":"pa_taille-l-xl","10":"pa_taille-s-m","12":"first","13":"outofstock","14":"purchasable","15":"product-type-variable"},"_links":{"self":[{"href":"https:\/\/accrosport.tn\/index.php\/wp-json\/wp\/v2\/product\/28741","targetHints":{"allow":["GET"]}}],"collection":[{"href":"https:\/\/accrosport.tn\/index.php\/wp-json\/wp\/v2\/product"}],"about":[{"href":"https:\/\/accrosport.tn\/index.php\/wp-json\/wp\/v2\/types\/product"}],"wp:featuredmedia":[{"embeddable":true,"href":"https:\/\/accrosport.tn\/index.php\/wp-json\/wp\/v2\/media\/34507"}],"wp:attachment":[{"href":"https:\/\/accrosport.tn\/index.php\/wp-json\/wp\/v2\/media?parent=28741"}],"wp:term":[{"taxonomy":"product_brand","embeddable":true,"href":"https:\/\/accrosport.tn\/index.php\/wp-json\/wp\/v2\/product_brand?post=28741"},{"taxonomy":"product_cat","embeddable":true,"href":"https:\/\/accrosport.tn\/index.php\/wp-json\/wp\/v2\/product_cat?post=28741"},{"taxonomy":"product_tag","embeddable":true,"href":"https:\/\/accrosport.tn\/index.php\/wp-json\/wp\/v2\/product_tag?post=28741"}],"curies":[{"name":"wp","href":"https:\/\/api.w.org\/{rel}","templated":true}]}}