{"id":28726,"date":"2025-09-25T11:01:08","date_gmt":"2025-09-25T11:01:08","guid":{"rendered":"https:\/\/accrosport.tn\/index.php\/product\/t-shirt-tiger-royal-s-s\/"},"modified":"2025-11-03T17:39:31","modified_gmt":"2025-11-03T17:39:31","slug":"t-shirt-tiger-royal-s-s","status":"publish","type":"product","link":"https:\/\/accrosport.tn\/index.php\/product\/t-shirt-tiger-royal-s-s\/","title":{"rendered":"Maillot manches courtes homme Tiger bleu roi S\/S"},"content":{"rendered":"<p>Maillot \u00e0 col rond qui se distingue par une bordure au niveau du col pour un meilleur ajustement et manches raglan pour faciliter les mouvements. Le devant se distingue par sa conception en sublimation \u00e0 rayures verticales et le logo brod\u00e9. Des \u00e9quipes telles que l\u2019Inter Movistar ou encore le Getafe C.F. portent cette tenue.<\/p>\n","protected":false},"excerpt":{"rendered":"<p>Maillot \u00e0 manches courtes homme\/gar\u00e7on adapt\u00e9 aux sports tels que le football, le futsal, le hand ou le volley. Ajustement optimal au corps, grande libert\u00e9 de mouvement et bonne respirabilit\u00e9.<\/p>\n","protected":false},"featured_media":31408,"template":"","meta":[],"product_brand":[],"product_cat":[15],"product_tag":[],"class_list":{"0":"post-28726","1":"product","2":"type-product","3":"status-publish","4":"has-post-thumbnail","6":"product_cat-fitness","7":"pa_couleur-royal","8":"pa_taille-2xl-3xl","9":"pa_taille-s","10":"pa_taille-xl","12":"first","13":"outofstock","14":"purchasable","15":"product-type-variable"},"_links":{"self":[{"href":"https:\/\/accrosport.tn\/index.php\/wp-json\/wp\/v2\/product\/28726","targetHints":{"allow":["GET"]}}],"collection":[{"href":"https:\/\/accrosport.tn\/index.php\/wp-json\/wp\/v2\/product"}],"about":[{"href":"https:\/\/accrosport.tn\/index.php\/wp-json\/wp\/v2\/types\/product"}],"wp:featuredmedia":[{"embeddable":true,"href":"https:\/\/accrosport.tn\/index.php\/wp-json\/wp\/v2\/media\/31408"}],"wp:attachment":[{"href":"https:\/\/accrosport.tn\/index.php\/wp-json\/wp\/v2\/media?parent=28726"}],"wp:term":[{"taxonomy":"product_brand","embeddable":true,"href":"https:\/\/accrosport.tn\/index.php\/wp-json\/wp\/v2\/product_brand?post=28726"},{"taxonomy":"product_cat","embeddable":true,"href":"https:\/\/accrosport.tn\/index.php\/wp-json\/wp\/v2\/product_cat?post=28726"},{"taxonomy":"product_tag","embeddable":true,"href":"https:\/\/accrosport.tn\/index.php\/wp-json\/wp\/v2\/product_tag?post=28726"}],"curies":[{"name":"wp","href":"https:\/\/api.w.org\/{rel}","templated":true}]}}