{"id":28720,"date":"2025-09-25T11:01:08","date_gmt":"2025-09-25T11:01:08","guid":{"rendered":"https:\/\/accrosport.tn\/index.php\/product\/t-shirt-tiger-white-s-s\/"},"modified":"2025-10-24T09:53:22","modified_gmt":"2025-10-24T09:53:22","slug":"t-shirt-tiger-white-s-s","status":"publish","type":"product","link":"https:\/\/accrosport.tn\/index.php\/product\/t-shirt-tiger-white-s-s\/","title":{"rendered":"T-SHIRT TIGER BLANC S\/S"},"content":{"rendered":"<p>T-shirt \u00e0 manches courtes homme\/gar\u00e7on. Con\u00e7u pour l\u2019entra\u00eenement et les matchs de football ou de futsal. Confortable, l\u00e9ger et dot\u00e9 d\u2019une excellente capacit\u00e9 d\u2019\u00e9vacuation de la transpiration. Nous pensons toujours au footballeur qui joue ses matchs en b\u00e9n\u00e9ficiant d\u2019un maximum de confort et de libert\u00e9 de mouvement.<\/p>\n<p>Ce t-shirt se caract\u00e9rise par ses manches raglan et son col rond \u00e9lastique, tout deux con\u00e7us pour maximiser la libert\u00e9 de mouvement.<\/p>\n<p>Il est fabriqu\u00e9 dans un tissu l\u00e9ger, durable et respirant qui emp\u00eache le d\u00e9veloppement de mauvaises odeurs. Il int\u00e8gre \u00e9galement la technologie Micro-Mesh System aux aisselles et sur les c\u00f4t\u00e9s, zones o\u00f9 la transpiration s\u2019accumule le plus. L\u2019objectif est d\u2019accro\u00eetre la respirabilit\u00e9 et de maintenir le confort pendant la pratique sportive.<\/p>\n<p>Il pr\u00e9sente un design sublim\u00e9 innovant sur le devant et au dos, qui apporte une touche de modernit\u00e9 et stylise le v\u00eatement. Le r\u00e9sultat est un effet optique spectaculaire.<\/p>\n<p>Logo Joma s\u00e9rigraphi\u00e9.<\/p>\n","protected":false},"excerpt":{"rendered":"<p>T-shirt manches courtes homme\/gar\u00e7on. Tissu respirant pour faciliter la mobilit\u00e9 et le confort pendant la pratique sportive.<\/p>\n","protected":false},"featured_media":34522,"template":"","meta":[],"product_brand":[],"product_cat":[62,33],"product_tag":[],"class_list":{"0":"post-28720","1":"product","2":"type-product","3":"status-publish","4":"has-post-thumbnail","6":"product_cat-bermudas-et-shorts-homme","7":"product_cat-homme","8":"pa_couleur-blanco","9":"pa_taille-2xl-3xl","10":"pa_taille-xl","12":"first","13":"outofstock","14":"purchasable","15":"product-type-variable"},"_links":{"self":[{"href":"https:\/\/accrosport.tn\/index.php\/wp-json\/wp\/v2\/product\/28720","targetHints":{"allow":["GET"]}}],"collection":[{"href":"https:\/\/accrosport.tn\/index.php\/wp-json\/wp\/v2\/product"}],"about":[{"href":"https:\/\/accrosport.tn\/index.php\/wp-json\/wp\/v2\/types\/product"}],"wp:featuredmedia":[{"embeddable":true,"href":"https:\/\/accrosport.tn\/index.php\/wp-json\/wp\/v2\/media\/34522"}],"wp:attachment":[{"href":"https:\/\/accrosport.tn\/index.php\/wp-json\/wp\/v2\/media?parent=28720"}],"wp:term":[{"taxonomy":"product_brand","embeddable":true,"href":"https:\/\/accrosport.tn\/index.php\/wp-json\/wp\/v2\/product_brand?post=28720"},{"taxonomy":"product_cat","embeddable":true,"href":"https:\/\/accrosport.tn\/index.php\/wp-json\/wp\/v2\/product_cat?post=28720"},{"taxonomy":"product_tag","embeddable":true,"href":"https:\/\/accrosport.tn\/index.php\/wp-json\/wp\/v2\/product_tag?post=28720"}],"curies":[{"name":"wp","href":"https:\/\/api.w.org\/{rel}","templated":true}]}}