{"id":28714,"date":"2025-09-25T11:01:03","date_gmt":"2025-09-25T11:01:03","guid":{"rendered":"https:\/\/accrosport.tn\/index.php\/product\/pantalon-largo-gladiator-ii-negro\/"},"modified":"2025-11-29T11:30:39","modified_gmt":"2025-11-29T11:30:39","slug":"pantalon-largo-gladiator-ii-negro","status":"publish","type":"product","link":"https:\/\/accrosport.tn\/index.php\/product\/pantalon-largo-gladiator-ii-negro\/","title":{"rendered":"Pantalon homme Gladiator II noir"},"content":{"rendered":"<p>Le pantalon long Gladiator II est un produit sportif con\u00e7u pour les hommes pratiquant diff\u00e9rents sports. Il dispose d&rsquo;une taille \u00e9lastique ajustable qui permet de s&rsquo;adapter \u00e0 diff\u00e9rentes tailles et de fournir un ajustement confortable.<\/p>\n<p>Sa coupe skinny lui donne un aspect moderne et \u00e9lanc\u00e9, en plus de permettre une plus grande libert\u00e9 de mouvement pendant la pratique sportive.<\/p>\n<p>Ce pantalon est basique et polyvalent, ce qui signifie qu&rsquo;il convient \u00e0 diff\u00e9rents types de sports et d&rsquo;activit\u00e9s physiques.<\/p>\n<p>Il est fabriqu\u00e9 dans un tissu 100% polyester, ce qui lui conf\u00e8re une grande r\u00e9sistance et durabilit\u00e9. De plus, ce mat\u00e9riau permet une bonne respirabilit\u00e9, \u00e9vitant l&rsquo;accumulation de sueur et maintenant l&rsquo;utilisateur au sec pendant l&rsquo;activit\u00e9 physique.<\/p>\n<p>En r\u00e9sum\u00e9, le pantalon long Gladiator II est un choix id\u00e9al pour les hommes \u00e0 la recherche de confort, d&rsquo;adaptabilit\u00e9 et de libert\u00e9 de mouvement dans leur pratique sportive. Avec son design moderne et r\u00e9sistant, ce produit s&rsquo;adapte \u00e0 diff\u00e9rents sports et activit\u00e9s, devenant ainsi un choix polyvalent et fonctionnel.<\/p>\n<ul class=\"featuresul\">\n<li>Ceinture \u00e9lastique \u00e0 cordon<\/li>\n<li>Tissu confortable<\/li>\n<li>Coupe skinny<\/li>\n<li>Libert\u00e9 de mouvement<\/li>\n<li>Type de coupe : r\u00e9guli\u00e8re<\/li>\n<li>100% Polyester<\/li>\n<\/ul>\n","protected":false},"excerpt":{"rendered":"<p>Pantalon long pour homme. Con\u00e7u pour la pratique de plusieurs sports. Sa coupe ajust\u00e9e s&rsquo;adapte \u00e0 la jambe. Il facilite la libert\u00e9 de mouvement et procure du confort au sportif.<\/p>\n","protected":false},"featured_media":31730,"template":"","meta":[],"product_brand":[],"product_cat":[62,33,113],"product_tag":[],"class_list":{"0":"post-28714","1":"product","2":"type-product","3":"status-publish","4":"has-post-thumbnail","6":"product_cat-bermudas-et-shorts-homme","7":"product_cat-homme","8":"product_cat-sport","9":"pa_couleur-noir","10":"pa_taille-2xl","11":"pa_taille-m","12":"pa_taille-s","13":"pa_taille-xl","15":"first","16":"outofstock","17":"purchasable","18":"product-type-variable"},"_links":{"self":[{"href":"https:\/\/accrosport.tn\/index.php\/wp-json\/wp\/v2\/product\/28714","targetHints":{"allow":["GET"]}}],"collection":[{"href":"https:\/\/accrosport.tn\/index.php\/wp-json\/wp\/v2\/product"}],"about":[{"href":"https:\/\/accrosport.tn\/index.php\/wp-json\/wp\/v2\/types\/product"}],"wp:featuredmedia":[{"embeddable":true,"href":"https:\/\/accrosport.tn\/index.php\/wp-json\/wp\/v2\/media\/31730"}],"wp:attachment":[{"href":"https:\/\/accrosport.tn\/index.php\/wp-json\/wp\/v2\/media?parent=28714"}],"wp:term":[{"taxonomy":"product_brand","embeddable":true,"href":"https:\/\/accrosport.tn\/index.php\/wp-json\/wp\/v2\/product_brand?post=28714"},{"taxonomy":"product_cat","embeddable":true,"href":"https:\/\/accrosport.tn\/index.php\/wp-json\/wp\/v2\/product_cat?post=28714"},{"taxonomy":"product_tag","embeddable":true,"href":"https:\/\/accrosport.tn\/index.php\/wp-json\/wp\/v2\/product_tag?post=28714"}],"curies":[{"name":"wp","href":"https:\/\/api.w.org\/{rel}","templated":true}]}}