{"id":28704,"date":"2025-09-25T11:01:03","date_gmt":"2025-09-25T11:01:03","guid":{"rendered":"https:\/\/accrosport.tn\/index.php\/product\/pantalon-largo-championship-iv\/"},"modified":"2025-10-01T11:43:38","modified_gmt":"2025-10-01T11:43:38","slug":"pantalon-largo-championship-iv","status":"publish","type":"product","link":"https:\/\/accrosport.tn\/index.php\/product\/pantalon-largo-championship-iv\/","title":{"rendered":"Pantalon homme Championship IV noir"},"content":{"rendered":"<p>Pantalon pour homme\/gar\u00e7on, con\u00e7u pour le sport. Vous pouvez porter ce pantalon aussi bien pour l\u2019entra\u00eenement que pour une tenue confortable de tous les jours. C\u2019est un v\u00eatement tr\u00e8s polyvalent, confortable et chaud, facile \u00e0 combiner avec une veste pour obtenir un surv\u00eatement complet.<\/p>\n<p>Ce pantalon est dot\u00e9 d\u2019une taille \u00e9lastiqu\u00e9e avec cordons r\u00e9glables et de deux grandes poches lat\u00e9rales qui permettent de ranger de petits objets. Une fermeture \u00e9clair \u00e0 l\u2019ourlet permet de l\u2019enfiler et de l\u2019enlever facilement.<\/p>\n<p>L\u2019int\u00e9rieur du v\u00eatement est compos\u00e9 d\u2019un tissu chaud et doux qui assure la r\u00e9sistance thermique et le confort. Il offre \u00e9galement une totale libert\u00e9 de mouvement.<\/p>\n<p>Il est dot\u00e9 de pi\u00e8ces esth\u00e9tiques sur le c\u00f4t\u00e9 qui cr\u00e9ent un effet optique contrast\u00e9 et d\u2019un logo personnalis\u00e9.<\/p>\n<p>Logo Joma brod\u00e9.<\/p>\n<ul class=\"featuresul\">\n<li>Ceinture \u00e9lastique \u00e0 cordon<\/li>\n<li>Poches lat\u00e9rales<\/li>\n<li>Tissu confortable<\/li>\n<li>Coupe skinny<\/li>\n<li>Bas zipp\u00e9<\/li>\n<li>Libert\u00e9 de mouvement<\/li>\n<li>Type de coupe : r\u00e9guli\u00e8re<\/li>\n<li>100% Polyester<\/li>\n<\/ul>\n","protected":false},"excerpt":{"rendered":"<p>Pantalon multisport homme. Ce pantalon ajust\u00e9 coupe slim convient aussi bien \u00e0 un look sportif qu&rsquo;\u00e0 un usage quotidien. Tissu doux pour un maximum de confort.<\/p>\n","protected":false},"featured_media":31717,"template":"","meta":[],"product_brand":[],"product_cat":[62,33,113],"product_tag":[],"class_list":{"0":"post-28704","1":"product","2":"type-product","3":"status-publish","4":"has-post-thumbnail","6":"product_cat-bermudas-et-shorts-homme","7":"product_cat-homme","8":"product_cat-sport","9":"pa_couleur-noir","10":"pa_taille-l","11":"pa_taille-m","12":"pa_taille-s","13":"pa_taille-xl","15":"first","16":"outofstock","17":"purchasable","18":"product-type-variable"},"_links":{"self":[{"href":"https:\/\/accrosport.tn\/index.php\/wp-json\/wp\/v2\/product\/28704","targetHints":{"allow":["GET"]}}],"collection":[{"href":"https:\/\/accrosport.tn\/index.php\/wp-json\/wp\/v2\/product"}],"about":[{"href":"https:\/\/accrosport.tn\/index.php\/wp-json\/wp\/v2\/types\/product"}],"wp:featuredmedia":[{"embeddable":true,"href":"https:\/\/accrosport.tn\/index.php\/wp-json\/wp\/v2\/media\/31717"}],"wp:attachment":[{"href":"https:\/\/accrosport.tn\/index.php\/wp-json\/wp\/v2\/media?parent=28704"}],"wp:term":[{"taxonomy":"product_brand","embeddable":true,"href":"https:\/\/accrosport.tn\/index.php\/wp-json\/wp\/v2\/product_brand?post=28704"},{"taxonomy":"product_cat","embeddable":true,"href":"https:\/\/accrosport.tn\/index.php\/wp-json\/wp\/v2\/product_cat?post=28704"},{"taxonomy":"product_tag","embeddable":true,"href":"https:\/\/accrosport.tn\/index.php\/wp-json\/wp\/v2\/product_tag?post=28704"}],"curies":[{"name":"wp","href":"https:\/\/api.w.org\/{rel}","templated":true}]}}