{"id":28699,"date":"2025-09-25T11:01:03","date_gmt":"2025-09-25T11:01:03","guid":{"rendered":"https:\/\/accrosport.tn\/index.php\/product\/short-tokio-ii-verde-blanco\/"},"modified":"2025-10-01T11:38:32","modified_gmt":"2025-10-01T11:38:32","slug":"short-tokio-ii-verde-blanco","status":"publish","type":"product","link":"https:\/\/accrosport.tn\/index.php\/product\/short-tokio-ii-verde-blanco\/","title":{"rendered":"Short homme Tokio II vert blanc"},"content":{"rendered":"<p>Shorts avec des ouvertures lat\u00e9rales sur les c\u00f4t\u00e9s et une pi\u00e8ce con\u00e7ue avec un contraste de couleur dans la partie arri\u00e8re et lat\u00e9rale. Ceinture \u00e9lastique r\u00e9glable avec un cordon. Avec MICRO-MESH, une technologie capable de contr\u00f4ler l&rsquo;humidit\u00e9 corporelle du sportif.<\/p>\n<ul class=\"featuresul\">\n<li>Ceinture \u00e9lastique \u00e0 cordon<\/li>\n<li>Tissu l\u00e9ger et respirant<\/li>\n<li>Technologie Micro-Mesh dans les zones qui transpirent le plus<\/li>\n<li>Limite les mauvaises odeurs<\/li>\n<li>Bandes de couleur contrast\u00e9es<\/li>\n<li>Libert\u00e9 de mouvement<\/li>\n<li>Type de coupe : r\u00e9guli\u00e8re<\/li>\n<li>100% Polyester<\/li>\n<\/ul>\n","protected":false},"excerpt":{"rendered":"<p>Short homme\/enfant. Totale libert\u00e9 de mouvement. Le tissu respirant absorbe la transpiration pendant l&rsquo;effort. Rien ne pourra vous arr\u00eater !<\/p>\n","protected":false},"featured_media":31418,"template":"","meta":[],"product_brand":[],"product_cat":[62,33,113],"product_tag":[],"class_list":{"0":"post-28699","1":"product","2":"type-product","3":"status-publish","4":"has-post-thumbnail","6":"product_cat-bermudas-et-shorts-homme","7":"product_cat-homme","8":"product_cat-sport","9":"pa_couleur-verde-blanco","10":"pa_taille-l","11":"pa_taille-m","12":"pa_taille-s","13":"pa_taille-xl","15":"first","16":"outofstock","17":"purchasable","18":"product-type-variable"},"_links":{"self":[{"href":"https:\/\/accrosport.tn\/index.php\/wp-json\/wp\/v2\/product\/28699","targetHints":{"allow":["GET"]}}],"collection":[{"href":"https:\/\/accrosport.tn\/index.php\/wp-json\/wp\/v2\/product"}],"about":[{"href":"https:\/\/accrosport.tn\/index.php\/wp-json\/wp\/v2\/types\/product"}],"wp:featuredmedia":[{"embeddable":true,"href":"https:\/\/accrosport.tn\/index.php\/wp-json\/wp\/v2\/media\/31418"}],"wp:attachment":[{"href":"https:\/\/accrosport.tn\/index.php\/wp-json\/wp\/v2\/media?parent=28699"}],"wp:term":[{"taxonomy":"product_brand","embeddable":true,"href":"https:\/\/accrosport.tn\/index.php\/wp-json\/wp\/v2\/product_brand?post=28699"},{"taxonomy":"product_cat","embeddable":true,"href":"https:\/\/accrosport.tn\/index.php\/wp-json\/wp\/v2\/product_cat?post=28699"},{"taxonomy":"product_tag","embeddable":true,"href":"https:\/\/accrosport.tn\/index.php\/wp-json\/wp\/v2\/product_tag?post=28699"}],"curies":[{"name":"wp","href":"https:\/\/api.w.org\/{rel}","templated":true}]}}