{"id":28691,"date":"2025-09-25T11:00:57","date_gmt":"2025-09-25T11:00:57","guid":{"rendered":"https:\/\/accrosport.tn\/index.php\/product\/short-metropoli-rojo\/"},"modified":"2025-11-09T14:51:54","modified_gmt":"2025-11-09T14:51:54","slug":"short-metropoli-rojo","status":"publish","type":"product","link":"https:\/\/accrosport.tn\/index.php\/product\/short-metropoli-rojo\/","title":{"rendered":"SHORT METROPOLI Rouge"},"content":{"rendered":"<p><span dir=\"auto\">Le short de course pour homme METROPOLI est con\u00e7u pour la course \u00e0 pied et l&rsquo;entra\u00eenement actif.<\/span><\/p>\n<p><span dir=\"auto\">METROPOLI est con\u00e7u pour les coureurs qui recherchent la performance optimale. Ce mod\u00e8le est \u00e9quip\u00e9 d&rsquo;une poche arri\u00e8re zipp\u00e9e pour ranger vos petits objets en toute s\u00e9curit\u00e9. L&rsquo;absence de coutures \u00e9vite les frottements et les irritations. Des \u00e9l\u00e9ments r\u00e9fl\u00e9chissants am\u00e9liorent la visibilit\u00e9 dans les zones de faible visibilit\u00e9, ainsi que des empi\u00e8cements lat\u00e9raux en Micro-Mesh pour une meilleure respirabilit\u00e9.<\/span><\/p>\n<p><span dir=\"auto\">Des shorts amples et l\u00e9gers vous permettront d&rsquo;obtenir de meilleurs r\u00e9sultats.\u00a0<\/span><\/p>\n<p><span dir=\"auto\">Caract\u00e9ristiques:<\/span><\/p>\n<ul>\n<li><span dir=\"auto\">MICRO-MAILLE<\/span><\/li>\n<li><span dir=\"auto\">Libert\u00e9 de mouvement<\/span><\/li>\n<li><span dir=\"auto\">Confort<\/span><\/li>\n<li><span dir=\"auto\">L\u00e9g\u00e8ret\u00e9.<\/span><\/li>\n<\/ul>\n","protected":false},"excerpt":{"rendered":"<p>Short de course avec poche zipp\u00e9e \u00e0 l&rsquo;arri\u00e8re pour plus de s\u00e9curit\u00e9. Coutures plates pour \u00e9viter les frottements. \u00c9l\u00e9ments r\u00e9fl\u00e9chissants et technologie Micro-Mesh sur les c\u00f4t\u00e9s pour favoriser la transpiration.<\/p>\n","protected":false},"featured_media":34565,"template":"","meta":[],"product_brand":[],"product_cat":[62,33],"product_tag":[],"class_list":{"0":"post-28691","1":"product","2":"type-product","3":"status-publish","4":"has-post-thumbnail","6":"product_cat-bermudas-et-shorts-homme","7":"product_cat-homme","8":"pa_couleur-rojo","9":"pa_taille-m","10":"pa_taille-xs","12":"first","13":"outofstock","14":"purchasable","15":"product-type-variable"},"_links":{"self":[{"href":"https:\/\/accrosport.tn\/index.php\/wp-json\/wp\/v2\/product\/28691","targetHints":{"allow":["GET"]}}],"collection":[{"href":"https:\/\/accrosport.tn\/index.php\/wp-json\/wp\/v2\/product"}],"about":[{"href":"https:\/\/accrosport.tn\/index.php\/wp-json\/wp\/v2\/types\/product"}],"wp:featuredmedia":[{"embeddable":true,"href":"https:\/\/accrosport.tn\/index.php\/wp-json\/wp\/v2\/media\/34565"}],"wp:attachment":[{"href":"https:\/\/accrosport.tn\/index.php\/wp-json\/wp\/v2\/media?parent=28691"}],"wp:term":[{"taxonomy":"product_brand","embeddable":true,"href":"https:\/\/accrosport.tn\/index.php\/wp-json\/wp\/v2\/product_brand?post=28691"},{"taxonomy":"product_cat","embeddable":true,"href":"https:\/\/accrosport.tn\/index.php\/wp-json\/wp\/v2\/product_cat?post=28691"},{"taxonomy":"product_tag","embeddable":true,"href":"https:\/\/accrosport.tn\/index.php\/wp-json\/wp\/v2\/product_tag?post=28691"}],"curies":[{"name":"wp","href":"https:\/\/api.w.org\/{rel}","templated":true}]}}