{"id":28661,"date":"2025-09-25T11:00:51","date_gmt":"2025-09-25T11:00:51","guid":{"rendered":"https:\/\/accrosport.tn\/index.php\/product\/bermuda-drive-negro\/"},"modified":"2025-10-27T14:19:41","modified_gmt":"2025-10-27T14:19:41","slug":"bermuda-drive-negro","status":"publish","type":"product","link":"https:\/\/accrosport.tn\/index.php\/product\/bermuda-drive-negro\/","title":{"rendered":"Bermuda homme Drive noir"},"content":{"rendered":"<p>Short pour homme\/gar\u00e7on. Mod\u00e8le de short de sport adapt\u00e9 \u00e0 l\u2019entra\u00eenement et \u00e0 la comp\u00e9tition dans les sports de raquette, en particulier le tennis et le padel. Ce short est l\u00e9ger, confortable et respirant, garantissant la fra\u00eecheur du corps. Il vous apportera tout ce dont vous avez besoin pour jouer en comp\u00e9tition.<\/p>\n<p>Ce short est dot\u00e9 d\u2019une ceinture \u00e9lastiqu\u00e9e r\u00e9glable avec un cordon plat \u00e0 l\u2019int\u00e9rieur et de deux grandes poches lat\u00e9rales pour ranger 2 ou 3\u00a0balles, ce qui permet d\u2019encha\u00eener rapidement les services ou d\u2019initier un nouvel \u00e9change. Il dispose \u00e9galement d\u2019une petite fente \u00e0 l\u2019ourlet pour une plus grande libert\u00e9 de mouvement.<\/p>\n<p>Il est fabriqu\u00e9 avec des composants l\u00e9gers, r\u00e9sistants et respirants qui permettent d\u2019\u00e9vacuer la transpiration. Il permet \u00e9galement au joueur de bouger librement.<\/p>\n<p>Son design simple et basique en fait un v\u00eatement facile \u00e0 combiner avec un t-shirt technique pour une tenue compl\u00e8te de tennis ou de padel.<\/p>\n<p>Logo Joma brod\u00e9.<\/p>\n","protected":false},"excerpt":{"rendered":"<p>Short de comp\u00e9tition homme. Ne pr\u00e9sente que des avantages, notamment des poches pour ranger facilement la balle et une grande libert\u00e9 de mouvement sans frottements.<\/p>\n","protected":false},"featured_media":34581,"template":"","meta":[],"product_brand":[],"product_cat":[62,33],"product_tag":[],"class_list":{"0":"post-28661","1":"product","2":"type-product","3":"status-publish","4":"has-post-thumbnail","6":"product_cat-bermudas-et-shorts-homme","7":"product_cat-homme","8":"pa_couleur-noir","9":"pa_taille-2xs","10":"pa_taille-s","12":"first","13":"outofstock","14":"purchasable","15":"product-type-variable"},"_links":{"self":[{"href":"https:\/\/accrosport.tn\/index.php\/wp-json\/wp\/v2\/product\/28661","targetHints":{"allow":["GET"]}}],"collection":[{"href":"https:\/\/accrosport.tn\/index.php\/wp-json\/wp\/v2\/product"}],"about":[{"href":"https:\/\/accrosport.tn\/index.php\/wp-json\/wp\/v2\/types\/product"}],"wp:featuredmedia":[{"embeddable":true,"href":"https:\/\/accrosport.tn\/index.php\/wp-json\/wp\/v2\/media\/34581"}],"wp:attachment":[{"href":"https:\/\/accrosport.tn\/index.php\/wp-json\/wp\/v2\/media?parent=28661"}],"wp:term":[{"taxonomy":"product_brand","embeddable":true,"href":"https:\/\/accrosport.tn\/index.php\/wp-json\/wp\/v2\/product_brand?post=28661"},{"taxonomy":"product_cat","embeddable":true,"href":"https:\/\/accrosport.tn\/index.php\/wp-json\/wp\/v2\/product_cat?post=28661"},{"taxonomy":"product_tag","embeddable":true,"href":"https:\/\/accrosport.tn\/index.php\/wp-json\/wp\/v2\/product_tag?post=28661"}],"curies":[{"name":"wp","href":"https:\/\/api.w.org\/{rel}","templated":true}]}}