{"id":28660,"date":"2025-09-25T11:00:51","date_gmt":"2025-09-25T11:00:51","guid":{"rendered":"https:\/\/accrosport.tn\/index.php\/product\/polo-hobby-rojo-m-c\/"},"modified":"2025-10-27T14:05:30","modified_gmt":"2025-10-27T14:05:30","slug":"polo-hobby-rojo-m-c","status":"publish","type":"product","link":"https:\/\/accrosport.tn\/index.php\/product\/polo-hobby-rojo-m-c\/","title":{"rendered":"Polo homme Hobby rouge M\/C"},"content":{"rendered":"<p>Polo \u00e0 manches courtes pour homme\/gar\u00e7on. Fabriqu\u00e9 en coton m\u00e9lang\u00e9 et con\u00e7u pour vous donner les meilleures performances pendant la pratique du sport dans les climats temp\u00e9r\u00e9s. Id\u00e9al pour les sports qui requi\u00e8rent un suppl\u00e9ment d\u2019\u00e9l\u00e9gance, comme le golf. Gr\u00e2ce \u00e0 sa polyvalence, il peut \u00eatre port\u00e9 tous les jours, en ajoutant une touche de style \u00e0 votre tenue.<\/p>\n<p>Il est dot\u00e9 d\u2019un col polo et d\u2019une patte de boutonnage personnalis\u00e9e \u00e0 trois boutons. Son tissu l\u00e9ger, doux et respirant garde votre peau au sec lorsque la chaleur se fait sentir afin que vous puissiez vous concentrer sur votre meilleur coup. En bref, il offre le confort dont vous avez besoin pour bouger librement. Tr\u00e8s r\u00e9sistant et durable au lavage.<\/p>\n<p>Il a un design classique et \u00e9l\u00e9gant, facile \u00e0 combiner avec n\u2019importe quel v\u00eatement. Profitez du terrain de golf ou de tout ce que la journ\u00e9e vous r\u00e9serve avec ce polo.<\/p>\n<p>Logo Joma brod\u00e9.<\/p>\n","protected":false},"excerpt":{"rendered":"<p>Polo homme golf pour un usage quotidien. Design uni et \u00e9pur\u00e9 facile \u00e0 combiner avec d&rsquo;autres v\u00eatements. Vous pourrez ainsi renouveler vos basiques. L&rsquo;ouverture au niveau du col et le tissu \u00e9lastique apportent une sensation de confort.<\/p>\n","protected":false},"featured_media":34577,"template":"","meta":[],"product_brand":[425],"product_cat":[33,63],"product_tag":[],"class_list":{"0":"post-28660","1":"product","2":"type-product","3":"status-publish","4":"has-post-thumbnail","6":"product_brand-accro","7":"product_cat-homme","8":"product_cat-polos-et-t-shirt-homme","9":"pa_couleur-red","10":"pa_taille-xs","12":"first","13":"outofstock","14":"purchasable","15":"product-type-simple"},"_links":{"self":[{"href":"https:\/\/accrosport.tn\/index.php\/wp-json\/wp\/v2\/product\/28660","targetHints":{"allow":["GET"]}}],"collection":[{"href":"https:\/\/accrosport.tn\/index.php\/wp-json\/wp\/v2\/product"}],"about":[{"href":"https:\/\/accrosport.tn\/index.php\/wp-json\/wp\/v2\/types\/product"}],"wp:featuredmedia":[{"embeddable":true,"href":"https:\/\/accrosport.tn\/index.php\/wp-json\/wp\/v2\/media\/34577"}],"wp:attachment":[{"href":"https:\/\/accrosport.tn\/index.php\/wp-json\/wp\/v2\/media?parent=28660"}],"wp:term":[{"taxonomy":"product_brand","embeddable":true,"href":"https:\/\/accrosport.tn\/index.php\/wp-json\/wp\/v2\/product_brand?post=28660"},{"taxonomy":"product_cat","embeddable":true,"href":"https:\/\/accrosport.tn\/index.php\/wp-json\/wp\/v2\/product_cat?post=28660"},{"taxonomy":"product_tag","embeddable":true,"href":"https:\/\/accrosport.tn\/index.php\/wp-json\/wp\/v2\/product_tag?post=28660"}],"curies":[{"name":"wp","href":"https:\/\/api.w.org\/{rel}","templated":true}]}}