{"id":28635,"date":"2025-09-25T11:00:42","date_gmt":"2025-09-25T11:00:42","guid":{"rendered":"https:\/\/accrosport.tn\/index.php\/product\/camiseta-combi-marino-s-m\/"},"modified":"2025-10-28T13:42:35","modified_gmt":"2025-10-28T13:42:35","slug":"camiseta-combi-marino-s-m","status":"publish","type":"product","link":"https:\/\/accrosport.tn\/index.php\/product\/camiseta-combi-marino-s-m\/","title":{"rendered":"T-shirt sans manches homme Combi bleu marine S\/M"},"content":{"rendered":"<p>T-shirt sans manches pour hommes et gar\u00e7ons. Id\u00e9al pour les sports comme le basketball, l&rsquo;entra\u00eenement en salle ou une s\u00e9ance de fitness r\u00e9ussie. Gr\u00e2ce \u00e0 sa durabilit\u00e9, sa l\u00e9g\u00e8ret\u00e9 et sa respirabilit\u00e9, ce t-shirt offre un confort optimal aux athl\u00e8tes. Bougez en toute libert\u00e9 et donnez le meilleur de vous-m\u00eame sur le terrain ou \u00e0 la salle de sport, sans m\u00eame vous en rendre compte.<\/p>\n<p>Il est dot\u00e9 d&rsquo;un col en V extensible pour un confort optimal. Sa conception sans manches permet aux athl\u00e8tes de bouger librement.<\/p>\n<p>Fabriqu\u00e9 dans un tissu l\u00e9ger et r\u00e9sistant, il laisse entrer et sortir l&rsquo;air pour garder l&rsquo;athl\u00e8te au frais et au sec. Une bonne \u00e9vacuation de la transpiration assure un confort in\u00e9gal\u00e9. Cet avantage est encore renforc\u00e9 par la technologie Micro-Mesh System, qui r\u00e9gule l&rsquo;humidit\u00e9 corporelle et pr\u00e9vient ainsi la prolif\u00e9ration des champignons responsables des mauvaises odeurs.<\/p>\n<p>Logo Joma s\u00e9rigraphi\u00e9.<\/p>\n","protected":false},"excerpt":{"rendered":"<p>D\u00e9bardeur homme\/gar\u00e7on con\u00e7u pour le basketball et le fitness. Sa coupe flexible offre une grande libert\u00e9 de mouvement. Il int\u00e8gre \u00e9galement une technologie respirante qui \u00e9vacue la transpiration et pr\u00e9vient les mauvaises odeurs.<\/p>\n","protected":false},"featured_media":34640,"template":"","meta":[],"product_brand":[],"product_cat":[33,63],"product_tag":[],"class_list":{"0":"post-28635","1":"product","2":"type-product","3":"status-publish","4":"has-post-thumbnail","6":"product_cat-homme","7":"product_cat-polos-et-t-shirt-homme","8":"pa_couleur-marino","9":"pa_taille-l","10":"pa_taille-m","11":"pa_taille-s","12":"pa_taille-xl","14":"first","15":"outofstock","16":"purchasable","17":"product-type-variable"},"_links":{"self":[{"href":"https:\/\/accrosport.tn\/index.php\/wp-json\/wp\/v2\/product\/28635","targetHints":{"allow":["GET"]}}],"collection":[{"href":"https:\/\/accrosport.tn\/index.php\/wp-json\/wp\/v2\/product"}],"about":[{"href":"https:\/\/accrosport.tn\/index.php\/wp-json\/wp\/v2\/types\/product"}],"wp:featuredmedia":[{"embeddable":true,"href":"https:\/\/accrosport.tn\/index.php\/wp-json\/wp\/v2\/media\/34640"}],"wp:attachment":[{"href":"https:\/\/accrosport.tn\/index.php\/wp-json\/wp\/v2\/media?parent=28635"}],"wp:term":[{"taxonomy":"product_brand","embeddable":true,"href":"https:\/\/accrosport.tn\/index.php\/wp-json\/wp\/v2\/product_brand?post=28635"},{"taxonomy":"product_cat","embeddable":true,"href":"https:\/\/accrosport.tn\/index.php\/wp-json\/wp\/v2\/product_cat?post=28635"},{"taxonomy":"product_tag","embeddable":true,"href":"https:\/\/accrosport.tn\/index.php\/wp-json\/wp\/v2\/product_tag?post=28635"}],"curies":[{"name":"wp","href":"https:\/\/api.w.org\/{rel}","templated":true}]}}