{"id":28600,"date":"2025-09-25T11:00:36","date_gmt":"2025-09-25T11:00:36","guid":{"rendered":"https:\/\/accrosport.tn\/index.php\/product\/short-running-green\/"},"modified":"2025-12-04T13:52:21","modified_gmt":"2025-12-04T13:52:21","slug":"short-running-green","status":"publish","type":"product","link":"https:\/\/accrosport.tn\/index.php\/product\/short-running-green\/","title":{"rendered":"Short de running vert"},"content":{"rendered":"<p>Short de running pour homme\/gar\u00e7on, id\u00e9al pour courir de mani\u00e8re confortable et l\u00e9g\u00e8re lors de l&rsquo;entra\u00eenement et de la comp\u00e9tition. Avec une coupe con\u00e7ue pour que vous puissiez vous d\u00e9placer avec le plus de libert\u00e9 possible. Il vous aidera \u00e0 rester concentr\u00e9 et plein de confiance pour continuer \u00e0 vous d\u00e9passer et \u00e0 accumuler des kilom\u00e8tres.<\/p>\n<p>Ce short poss\u00e8de une taille \u00e9lastique ajustable gr\u00e2ce \u00e0 un cordon plat int\u00e9rieur. Il dispose d&rsquo;un sous-v\u00eatement int\u00e9gr\u00e9, qui pr\u00e9vient les frottements et maintient le v\u00eatement en place \u00e0 tout moment.<\/p>\n<p>Les deux couches sont fabriqu\u00e9es dans un tissu l\u00e9ger, offrant ainsi un confort maximal pour que rien ne vous arr\u00eate. D&rsquo;autre part, les ouvertures sur le bas lat\u00e9ral offrent au coureur une plus grande libert\u00e9 de mouvement en courant.<\/p>\n<p>Logo Joma s\u00e9rigraphi\u00e9 sans coutures, l\u00e9ger et qui ne frotte pas.<\/p>\n<p>&nbsp;<\/p>\n<h2>Caract\u00e9ristiques<\/h2>\n<ul class=\"features list\">\n<li>Ceinture \u00e9lastique \u00e0 cordon<\/li>\n<li>Tissu l\u00e9ger<\/li>\n<li>Libert\u00e9 de mouvement<\/li>\n<li>Type de coupe : r\u00e9guli\u00e8re<\/li>\n<li>100% Polyester<\/li>\n<\/ul>\n","protected":false},"excerpt":{"rendered":"<p>Short de running homme\/gar\u00e7on. Il est tr\u00e8s l\u00e9ger et s&rsquo;adapte \u00e0 chacun de vos mouvements gr\u00e2ce \u00e0 la fente sur le c\u00f4t\u00e9.<\/p>\n","protected":false},"featured_media":36579,"template":"","meta":[],"product_brand":[],"product_cat":[62,33],"product_tag":[],"class_list":{"0":"post-28600","1":"product","2":"type-product","3":"status-publish","4":"has-post-thumbnail","6":"product_cat-bermudas-et-shorts-homme","7":"product_cat-homme","8":"pa_couleur-verde","9":"pa_taille-l","10":"pa_taille-m","11":"pa_taille-s","12":"pa_taille-xs","14":"first","15":"outofstock","16":"purchasable","17":"product-type-variable"},"_links":{"self":[{"href":"https:\/\/accrosport.tn\/index.php\/wp-json\/wp\/v2\/product\/28600","targetHints":{"allow":["GET"]}}],"collection":[{"href":"https:\/\/accrosport.tn\/index.php\/wp-json\/wp\/v2\/product"}],"about":[{"href":"https:\/\/accrosport.tn\/index.php\/wp-json\/wp\/v2\/types\/product"}],"wp:featuredmedia":[{"embeddable":true,"href":"https:\/\/accrosport.tn\/index.php\/wp-json\/wp\/v2\/media\/36579"}],"wp:attachment":[{"href":"https:\/\/accrosport.tn\/index.php\/wp-json\/wp\/v2\/media?parent=28600"}],"wp:term":[{"taxonomy":"product_brand","embeddable":true,"href":"https:\/\/accrosport.tn\/index.php\/wp-json\/wp\/v2\/product_brand?post=28600"},{"taxonomy":"product_cat","embeddable":true,"href":"https:\/\/accrosport.tn\/index.php\/wp-json\/wp\/v2\/product_cat?post=28600"},{"taxonomy":"product_tag","embeddable":true,"href":"https:\/\/accrosport.tn\/index.php\/wp-json\/wp\/v2\/product_tag?post=28600"}],"curies":[{"name":"wp","href":"https:\/\/api.w.org\/{rel}","templated":true}]}}