{"id":28587,"date":"2025-09-25T11:00:30","date_gmt":"2025-09-25T11:00:30","guid":{"rendered":"https:\/\/accrosport.tn\/index.php\/product\/short-tight-running-green\/"},"modified":"2025-12-04T14:59:09","modified_gmt":"2025-12-04T14:59:09","slug":"short-tight-running-green","status":"publish","type":"product","link":"https:\/\/accrosport.tn\/index.php\/product\/short-tight-running-green\/","title":{"rendered":"Short ajust\u00e9 de running vert"},"content":{"rendered":"<p>Petit maillot qui donne une parfaite protection et aisance gr\u00e2ce \u00e0 ses caract\u00e9ristiques d&rsquo;imperm\u00e9abilit\u00e9 et de transpirabilit\u00e9 pour toutes les conditions m\u00e9t\u00e9orologiques. R\u00e9sistant \u00e0 la sueur, l\u00e9ger, doux et souple. Il se caract\u00e9rise par une grande libert\u00e9 de mouvements, de m\u00eame que par la fixation et le confort.<\/p>\n<p><strong>Caract\u00e9ristiques<\/strong><\/p>\n<ul>\n<li>Tissu \u00e9lastique et l\u00e9ger<\/li>\n<li>Coutures plates Flatlock<\/li>\n<li>Libert\u00e9 de mouvement<\/li>\n<li>Type de coupe : ajust\u00e9e<\/li>\n<li>90% Polyester, 10% \u00c9lasthanne<\/li>\n<\/ul>\n","protected":false},"excerpt":{"rendered":"<p>Petit maillot qui donne une parfaite protection et aisance gr\u00e2ce \u00e0 ses caract\u00e9ristiques d&rsquo;imperm\u00e9abilit\u00e9 et de transpirabilit\u00e9 pour toutes les conditions m\u00e9t\u00e9orologiques. R\u00e9sistant \u00e0 la sueur, l\u00e9ger, doux et souple. Il se caract\u00e9rise par une grande libert\u00e9 de mouvements, de m\u00eame que par la fixation et le confort.<\/p>\n","protected":false},"featured_media":36618,"template":"","meta":[],"product_brand":[],"product_cat":[62,33],"product_tag":[],"class_list":{"0":"post-28587","1":"product","2":"type-product","3":"status-publish","4":"has-post-thumbnail","6":"product_cat-bermudas-et-shorts-homme","7":"product_cat-homme","8":"pa_couleur-verde","9":"pa_taille-m","11":"first","12":"instock","13":"purchasable","14":"product-type-simple"},"_links":{"self":[{"href":"https:\/\/accrosport.tn\/index.php\/wp-json\/wp\/v2\/product\/28587","targetHints":{"allow":["GET"]}}],"collection":[{"href":"https:\/\/accrosport.tn\/index.php\/wp-json\/wp\/v2\/product"}],"about":[{"href":"https:\/\/accrosport.tn\/index.php\/wp-json\/wp\/v2\/types\/product"}],"wp:featuredmedia":[{"embeddable":true,"href":"https:\/\/accrosport.tn\/index.php\/wp-json\/wp\/v2\/media\/36618"}],"wp:attachment":[{"href":"https:\/\/accrosport.tn\/index.php\/wp-json\/wp\/v2\/media?parent=28587"}],"wp:term":[{"taxonomy":"product_brand","embeddable":true,"href":"https:\/\/accrosport.tn\/index.php\/wp-json\/wp\/v2\/product_brand?post=28587"},{"taxonomy":"product_cat","embeddable":true,"href":"https:\/\/accrosport.tn\/index.php\/wp-json\/wp\/v2\/product_cat?post=28587"},{"taxonomy":"product_tag","embeddable":true,"href":"https:\/\/accrosport.tn\/index.php\/wp-json\/wp\/v2\/product_tag?post=28587"}],"curies":[{"name":"wp","href":"https:\/\/api.w.org\/{rel}","templated":true}]}}