{"id":28579,"date":"2025-09-25T11:00:30","date_gmt":"2025-09-25T11:00:30","guid":{"rendered":"https:\/\/accrosport.tn\/index.php\/product\/long-pant-running-green\/"},"modified":"2025-10-06T16:01:26","modified_gmt":"2025-10-06T16:01:26","slug":"long-pant-running-green","status":"publish","type":"product","link":"https:\/\/accrosport.tn\/index.php\/product\/long-pant-running-green\/","title":{"rendered":"Pantalon running pour homme vert"},"content":{"rendered":"<p>Le pantalon est ventil\u00e9. Le bas des jambes est dot\u00e9 de fermetures \u00e9clair lat\u00e9rales. La poche arri\u00e8re peut contenir vos essentiels, gels, cl\u00e9s ou documents, et la fermeture \u00e9clair emp\u00eache tout d\u00e9placement pendant la course. Cette collection utilise des tissus r\u00e9fl\u00e9chissants pour assurer votre s\u00e9curit\u00e9 lors de vos courses en ville et dans les zones \u00e0 faible visibilit\u00e9. Le legging Olimpia Flash a pour fonction principale d&rsquo;optimiser la libert\u00e9 de mouvement tout en offrant compression et maintien musculaire. Il est dot\u00e9 d&rsquo;une mati\u00e8re respirante le long des jambes et d&rsquo;une poche zipp\u00e9e \u00e0 l&rsquo;arri\u00e8re.<\/p>\n","protected":false},"excerpt":{"rendered":"<p>Pantalon de running pour homme par Joma. La technologie avanc\u00e9e de la collection Olimpia Flash offre aux coureurs une libert\u00e9 de mouvement optimale, offrant compression et maintien musculaire. Les jambes sont moins fatigu\u00e9es apr\u00e8s un effort prolong\u00e9.<\/p>\n","protected":false},"featured_media":33309,"template":"","meta":[],"product_brand":[],"product_cat":[33,64],"product_tag":[],"class_list":{"0":"post-28579","1":"product","2":"type-product","3":"status-publish","4":"has-post-thumbnail","6":"product_cat-homme","7":"product_cat-survetements-homme","8":"pa_couleur-verde","9":"pa_taille-s","10":"pa_taille-xs","12":"first","13":"outofstock","14":"purchasable","15":"product-type-variable"},"_links":{"self":[{"href":"https:\/\/accrosport.tn\/index.php\/wp-json\/wp\/v2\/product\/28579","targetHints":{"allow":["GET"]}}],"collection":[{"href":"https:\/\/accrosport.tn\/index.php\/wp-json\/wp\/v2\/product"}],"about":[{"href":"https:\/\/accrosport.tn\/index.php\/wp-json\/wp\/v2\/types\/product"}],"wp:featuredmedia":[{"embeddable":true,"href":"https:\/\/accrosport.tn\/index.php\/wp-json\/wp\/v2\/media\/33309"}],"wp:attachment":[{"href":"https:\/\/accrosport.tn\/index.php\/wp-json\/wp\/v2\/media?parent=28579"}],"wp:term":[{"taxonomy":"product_brand","embeddable":true,"href":"https:\/\/accrosport.tn\/index.php\/wp-json\/wp\/v2\/product_brand?post=28579"},{"taxonomy":"product_cat","embeddable":true,"href":"https:\/\/accrosport.tn\/index.php\/wp-json\/wp\/v2\/product_cat?post=28579"},{"taxonomy":"product_tag","embeddable":true,"href":"https:\/\/accrosport.tn\/index.php\/wp-json\/wp\/v2\/product_tag?post=28579"}],"curies":[{"name":"wp","href":"https:\/\/api.w.org\/{rel}","templated":true}]}}