{"id":28578,"date":"2025-09-25T11:00:30","date_gmt":"2025-09-25T11:00:30","guid":{"rendered":"https:\/\/accrosport.tn\/index.php\/product\/long-pant-running-black\/"},"modified":"2025-12-18T13:41:52","modified_gmt":"2025-12-18T13:41:52","slug":"long-pant-running-black","status":"publish","type":"product","link":"https:\/\/accrosport.tn\/index.php\/product\/long-pant-running-black\/","title":{"rendered":"Pantalon long de running noir"},"content":{"rendered":"<p>Pantalon long pour homme. Ce pantalon de surv\u00eatement pour l&rsquo;entra\u00eenement est parfait pour toute pratique sportive. Son tissu confortable et durable en fait un v\u00eatement tr\u00e8s polyvalent et fonctionnel.<\/p>\n<p>Il dispose d&rsquo;une taille \u00e9lastique ajustable avec cordon int\u00e9rieur pour une adaptation et une fixation compl\u00e8tes. Il a \u00e9galement une fermeture \u00e9clair en bas pour le mettre et l&rsquo;enlever facilement.<\/p>\n<p>Il pr\u00e9sente une coupe skinny tr\u00e8s ajust\u00e9e avec des d\u00e9tails personnalis\u00e9s sur les c\u00f4t\u00e9s. Fabriqu\u00e9 dans un tissu confortable, doux et respirant. Excellente durabilit\u00e9 et libert\u00e9 de mouvement.<\/p>\n<p>Logo Joma brod\u00e9.<\/p>\n<p><strong>Caract\u00e9ristiques<\/strong><br \/>\nCeinture \u00e9lastique \u00e0 cordon<br \/>\nBas zipp\u00e9<br \/>\nType de coupe : r\u00e9guli\u00e8re<br \/>\n100% Polyester<\/p>\n","protected":false},"excerpt":{"rendered":"<p>Pantalon long pour homme. Ce pantalon de surv\u00eatement pour l&rsquo;entra\u00eenement est parfait pour toute pratique sportive. Son tissu confortable et durable en fait un v\u00eatement tr\u00e8s polyvalent et fonctionnel.<\/p>\n","protected":false},"featured_media":36613,"template":"","meta":[],"product_brand":[425],"product_cat":[62,33],"product_tag":[],"class_list":{"0":"post-28578","1":"product","2":"type-product","3":"status-publish","4":"has-post-thumbnail","6":"product_brand-accro","7":"product_cat-bermudas-et-shorts-homme","8":"product_cat-homme","9":"pa_couleur-negro","10":"pa_taille-xs","12":"first","13":"instock","14":"purchasable","15":"product-type-simple"},"_links":{"self":[{"href":"https:\/\/accrosport.tn\/index.php\/wp-json\/wp\/v2\/product\/28578","targetHints":{"allow":["GET"]}}],"collection":[{"href":"https:\/\/accrosport.tn\/index.php\/wp-json\/wp\/v2\/product"}],"about":[{"href":"https:\/\/accrosport.tn\/index.php\/wp-json\/wp\/v2\/types\/product"}],"wp:featuredmedia":[{"embeddable":true,"href":"https:\/\/accrosport.tn\/index.php\/wp-json\/wp\/v2\/media\/36613"}],"wp:attachment":[{"href":"https:\/\/accrosport.tn\/index.php\/wp-json\/wp\/v2\/media?parent=28578"}],"wp:term":[{"taxonomy":"product_brand","embeddable":true,"href":"https:\/\/accrosport.tn\/index.php\/wp-json\/wp\/v2\/product_brand?post=28578"},{"taxonomy":"product_cat","embeddable":true,"href":"https:\/\/accrosport.tn\/index.php\/wp-json\/wp\/v2\/product_cat?post=28578"},{"taxonomy":"product_tag","embeddable":true,"href":"https:\/\/accrosport.tn\/index.php\/wp-json\/wp\/v2\/product_tag?post=28578"}],"curies":[{"name":"wp","href":"https:\/\/api.w.org\/{rel}","templated":true}]}}