{"id":28548,"date":"2025-09-25T11:00:20","date_gmt":"2025-09-25T11:00:20","guid":{"rendered":"https:\/\/accrosport.tn\/index.php\/product\/pantalon-largo-nilo-marino-pi\/"},"modified":"2025-10-14T09:53:20","modified_gmt":"2025-10-14T09:53:20","slug":"pantalon-largo-nilo-marino-pi","status":"publish","type":"product","link":"https:\/\/accrosport.tn\/index.php\/product\/pantalon-largo-nilo-marino-pi\/","title":{"rendered":"Pantalon long homme bleu marine Nilo"},"content":{"rendered":"<p>Pantalon long homme\/gar\u00e7on, id\u00e9al pour les entra\u00eenements de football et de soccer en salle par temps froid. Ne vous laissez pas arr\u00eater par le froid avec ce pantalon confortable et doux. Il ne g\u00eanera pas vos mouvements et est con\u00e7u pour vous offrir une performance maximale.<\/p>\n<p>Ce pantalon long bross\u00e9 est dot\u00e9 d&rsquo;une taille \u00e9lastique qui reste bien en place pour \u00e9viter que le v\u00eatement ne glisse. Il est \u00e9galement dot\u00e9 d&rsquo;un cordon de serrage pour un meilleur ajustement, ainsi que de fentes zipp\u00e9es \u00e0 l&rsquo;ourlet et d&rsquo;un soufflet pour un enfilage et un retrait faciles. Il comprend \u00e9galement des poches sans fermeture \u00e9clair pour ranger vos petits objets.<\/p>\n<p>Il est fabriqu\u00e9 avec un tissu doux et chaud qui vous aide \u00e0 rester au chaud pendant l&rsquo;entra\u00eenement hivernal, offrant un confort maximal au joueur.<\/p>\n<p>Ce pantalon de surv\u00eatement pr\u00e9sente un design basique, facile \u00e0 associer avec un sweat-shirt. Il arbore un logo Joma personnalis\u00e9 au dos.<\/p>\n<p>Logo J \u00e9galement s\u00e9rigraphi\u00e9.<\/p>\n","protected":false},"excerpt":{"rendered":"<p>Pantalon long pour homme, id\u00e9al pour l&rsquo;entra\u00eenement de football et de soccer en salle. Fabriqu\u00e9 en polaire, un tissu chaud et doux qui vous garde au chaud par temps froid. Les footballeurs peuvent ainsi jouer dans un confort optimal.<\/p>\n","protected":false},"featured_media":31808,"template":"","meta":[],"product_brand":[],"product_cat":[33,64],"product_tag":[],"class_list":{"0":"post-28548","1":"product","2":"type-product","3":"status-publish","4":"has-post-thumbnail","6":"product_cat-homme","7":"product_cat-survetements-homme","8":"pa_couleur-marino","9":"pa_taille-l","10":"pa_taille-m","11":"pa_taille-s","12":"pa_taille-xl","14":"first","15":"outofstock","16":"purchasable","17":"product-type-variable"},"_links":{"self":[{"href":"https:\/\/accrosport.tn\/index.php\/wp-json\/wp\/v2\/product\/28548","targetHints":{"allow":["GET"]}}],"collection":[{"href":"https:\/\/accrosport.tn\/index.php\/wp-json\/wp\/v2\/product"}],"about":[{"href":"https:\/\/accrosport.tn\/index.php\/wp-json\/wp\/v2\/types\/product"}],"wp:featuredmedia":[{"embeddable":true,"href":"https:\/\/accrosport.tn\/index.php\/wp-json\/wp\/v2\/media\/31808"}],"wp:attachment":[{"href":"https:\/\/accrosport.tn\/index.php\/wp-json\/wp\/v2\/media?parent=28548"}],"wp:term":[{"taxonomy":"product_brand","embeddable":true,"href":"https:\/\/accrosport.tn\/index.php\/wp-json\/wp\/v2\/product_brand?post=28548"},{"taxonomy":"product_cat","embeddable":true,"href":"https:\/\/accrosport.tn\/index.php\/wp-json\/wp\/v2\/product_cat?post=28548"},{"taxonomy":"product_tag","embeddable":true,"href":"https:\/\/accrosport.tn\/index.php\/wp-json\/wp\/v2\/product_tag?post=28548"}],"curies":[{"name":"wp","href":"https:\/\/api.w.org\/{rel}","templated":true}]}}