{"id":28542,"date":"2025-09-25T11:00:20","date_gmt":"2025-09-25T11:00:20","guid":{"rendered":"https:\/\/accrosport.tn\/index.php\/product\/pantalon-largo-nilo-negro\/"},"modified":"2026-01-24T16:22:34","modified_gmt":"2026-01-24T16:22:34","slug":"pantalon-largo-nilo-negro","status":"publish","type":"product","link":"https:\/\/accrosport.tn\/index.php\/product\/pantalon-largo-nilo-negro\/","title":{"rendered":"Pantalon long homme Nilo noir"},"content":{"rendered":"<p>Pantalon pour homme\/gar\u00e7on, id\u00e9al pour les entra\u00eenements de football et de futsal par temps froid. Ne laissez pas le froid vous arr\u00eater avec ce pantalon confortable et doux sur la peau. Il n\u2019entrave pas vos mouvements, tout est con\u00e7u pour vous permettre d\u2019\u00eatre le plus performant possible.<\/p>\n<p>Ce pantalon matelass\u00e9 est dot\u00e9 d\u2019une ceinture \u00e9lastiqu\u00e9e qui se fixe \u00e0 la taille afin que les mouvements ne glissent pas autour du v\u00eatement. Avec cordon pour un meilleur ajustement, fentes d\u2019a\u00e9ration zipp\u00e9es au niveau de l\u2019ourlet et soufflet pour l\u2019enfiler et l\u2019enlever facilement. Comprend des poches non zipp\u00e9es pour ranger les petits objets.<\/p>\n<p>Fabriqu\u00e9 dans un tissu doux et chaud qui aide \u00e0 garder la chaleur pendant les s\u00e9ances d\u2019entra\u00eenement hivernales et offre donc un confort maximal au joueur.<\/p>\n<p>Le pantalon de surv\u00eatement a un design basique qui est facile \u00e0 combiner avec une veste. Le design comporte un logo Joma personnalis\u00e9 dans le dos.<\/p>\n<p>Le logo J est \u00e9galement s\u00e9rigraphi\u00e9.<\/p>\n","protected":false},"excerpt":{"rendered":"<p>Pantalon pour homme id\u00e9al pour les entra\u00eenements de football et de football en salle. Il est confectionn\u00e9 en polaire, un tissu chaud et doux qui aide \u00e0 garder la chaleur par temps froid. Ainsi, le footballeur pourra jouer tout en b\u00e9n\u00e9ficiant d&rsquo;un excellent confort.<\/p>\n","protected":false},"featured_media":31800,"template":"","meta":[],"product_brand":[],"product_cat":[33,64],"product_tag":[],"class_list":{"0":"post-28542","1":"product","2":"type-product","3":"status-publish","4":"has-post-thumbnail","6":"product_cat-homme","7":"product_cat-survetements-homme","8":"pa_couleur-noir","9":"pa_taille-l","10":"pa_taille-m","11":"pa_taille-s","12":"pa_taille-xl","13":"pa_taille-xs","15":"first","16":"outofstock","17":"purchasable","18":"product-type-variable"},"_links":{"self":[{"href":"https:\/\/accrosport.tn\/index.php\/wp-json\/wp\/v2\/product\/28542","targetHints":{"allow":["GET"]}}],"collection":[{"href":"https:\/\/accrosport.tn\/index.php\/wp-json\/wp\/v2\/product"}],"about":[{"href":"https:\/\/accrosport.tn\/index.php\/wp-json\/wp\/v2\/types\/product"}],"wp:featuredmedia":[{"embeddable":true,"href":"https:\/\/accrosport.tn\/index.php\/wp-json\/wp\/v2\/media\/31800"}],"wp:attachment":[{"href":"https:\/\/accrosport.tn\/index.php\/wp-json\/wp\/v2\/media?parent=28542"}],"wp:term":[{"taxonomy":"product_brand","embeddable":true,"href":"https:\/\/accrosport.tn\/index.php\/wp-json\/wp\/v2\/product_brand?post=28542"},{"taxonomy":"product_cat","embeddable":true,"href":"https:\/\/accrosport.tn\/index.php\/wp-json\/wp\/v2\/product_cat?post=28542"},{"taxonomy":"product_tag","embeddable":true,"href":"https:\/\/accrosport.tn\/index.php\/wp-json\/wp\/v2\/product_tag?post=28542"}],"curies":[{"name":"wp","href":"https:\/\/api.w.org\/{rel}","templated":true}]}}