{"id":28539,"date":"2025-09-25T11:00:20","date_gmt":"2025-09-25T11:00:20","guid":{"rendered":"https:\/\/accrosport.tn\/index.php\/product\/rainjacket-iris-royal\/"},"modified":"2026-04-11T23:05:19","modified_gmt":"2026-04-11T23:05:19","slug":"rainjacket-iris-royal","status":"publish","type":"product","link":"https:\/\/accrosport.tn\/index.php\/product\/rainjacket-iris-royal\/","title":{"rendered":"Veste de pluie homme Iris bleu royal"},"content":{"rendered":"<p>Imperm\u00e9able unisexe. Mod\u00e8le pour tous les \u00e2ges. Confortable et pratique, il facilite les d\u00e9placements et les activit\u00e9s sportives par temps froid, pluvieux ou venteux. Il offre une isolation maximale contre les infiltrations d&rsquo;eau sans compromettre la respirabilit\u00e9.<\/p>\n<p>Elle est dot\u00e9e d&rsquo;une fermeture \u00e9clair int\u00e9grale avec tirette verrouillable, emp\u00eachant l&rsquo;ouverture de la fermeture \u00e9clair et donc l&rsquo;infiltration d&rsquo;eau. La capuche, amovible, se range dans la poche zipp\u00e9e du col ferm\u00e9. R\u00e9glable par cordons, elle offre une protection optimale et confortable contre le vent, le froid et la pluie. Elle est \u00e9galement dot\u00e9e de poches pour ranger vos petits objets en toute s\u00e9curit\u00e9 et de poignets \u00e9lastiques ajustables pour un meilleur ajustement et une protection contre l&rsquo;eau et le froid.<\/p>\n<p>Fabriqu\u00e9 en tissu l\u00e9ger et r\u00e9sistant \u00e0 l&rsquo;eau, il int\u00e8gre la technologie Micro-Mesh dans les zones de transpiration pour am\u00e9liorer la respirabilit\u00e9 et la ventilation, contribuant ainsi \u00e0 maintenir la temp\u00e9rature corporelle et \u00e0 pr\u00e9venir les odeurs.<\/p>\n<p>Il a un design simple et basique, facile \u00e0 combiner avec n&rsquo;importe quel v\u00eatement.<\/p>\n<p>*Les cordons ne sont pas inclus dans les tailles Junior<\/p>\n<p>Logo Joma brod\u00e9.<\/p>\n","protected":false},"excerpt":{"rendered":"<p>Cette veste de pluie pour homme\/gar\u00e7on vous accompagnera partout, que vous jouiez ou vous entra\u00eeniez. Son tissu imperm\u00e9able int\u00e9gr\u00e9 \u00e9pouse parfaitement le corps et \u00e9vacue la transpiration.<\/p>\n","protected":false},"featured_media":31789,"template":"","meta":[],"product_brand":[],"product_cat":[42,33,59,60],"product_tag":[],"class_list":{"0":"post-28539","1":"product","2":"type-product","3":"status-publish","4":"has-post-thumbnail","6":"product_cat-femme","7":"product_cat-homme","8":"product_cat-parkas","9":"product_cat-parkas-homme","10":"pa_couleur-royal","11":"pa_taille-2xl","12":"pa_taille-s","14":"first","15":"outofstock","16":"sale","17":"purchasable","18":"product-type-variable"},"_links":{"self":[{"href":"https:\/\/accrosport.tn\/index.php\/wp-json\/wp\/v2\/product\/28539","targetHints":{"allow":["GET"]}}],"collection":[{"href":"https:\/\/accrosport.tn\/index.php\/wp-json\/wp\/v2\/product"}],"about":[{"href":"https:\/\/accrosport.tn\/index.php\/wp-json\/wp\/v2\/types\/product"}],"wp:featuredmedia":[{"embeddable":true,"href":"https:\/\/accrosport.tn\/index.php\/wp-json\/wp\/v2\/media\/31789"}],"wp:attachment":[{"href":"https:\/\/accrosport.tn\/index.php\/wp-json\/wp\/v2\/media?parent=28539"}],"wp:term":[{"taxonomy":"product_brand","embeddable":true,"href":"https:\/\/accrosport.tn\/index.php\/wp-json\/wp\/v2\/product_brand?post=28539"},{"taxonomy":"product_cat","embeddable":true,"href":"https:\/\/accrosport.tn\/index.php\/wp-json\/wp\/v2\/product_cat?post=28539"},{"taxonomy":"product_tag","embeddable":true,"href":"https:\/\/accrosport.tn\/index.php\/wp-json\/wp\/v2\/product_tag?post=28539"}],"curies":[{"name":"wp","href":"https:\/\/api.w.org\/{rel}","templated":true}]}}