{"id":28538,"date":"2025-09-25T11:00:20","date_gmt":"2025-09-25T11:00:20","guid":{"rendered":"https:\/\/accrosport.tn\/index.php\/product\/chubasquero-iris-marino\/"},"modified":"2025-10-08T08:26:51","modified_gmt":"2025-10-08T08:26:51","slug":"chubasquero-iris-marino","status":"publish","type":"product","link":"https:\/\/accrosport.tn\/index.php\/product\/chubasquero-iris-marino\/","title":{"rendered":"IMPERM\u00c9ABLE IRIS BLEU MARINE"},"content":{"rendered":"<p>Imperm\u00e9able unisexe. Mod\u00e8le pour tous les \u00e2ges. Il s&rsquo;agit d&rsquo;une veste imperm\u00e9able confortable et pratique pour faciliter les d\u00e9placements et les activit\u00e9s sportives par temps froid, pluvieux ou venteux. Il garantit une isolation maximale contre les infiltrations d&rsquo;eau sans compromettre la transpiration de la sueur.<\/p>\n<p>Il comprend une fermeture \u00e0 glissi\u00e8re compl\u00e8te avec un curseur verrouillable, qui emp\u00eache la fermeture \u00e0 glissi\u00e8re de s&rsquo;ouvrir et donc l&rsquo;entr\u00e9e de l&rsquo;eau. La capuche auto-r\u00e9tractable peut \u00eatre rang\u00e9e dans la poche du col ferm\u00e9e par une fermeture \u00e0 glissi\u00e8re. Cette capuche est r\u00e9glable avec des cordons, assurant une protection optimale contre le vent, le froid et la pluie, plus confortable. Il dispose \u00e9galement de poches pour ranger en toute s\u00e9curit\u00e9 de petits objets, de poignets ajustables avec \u00e9lastique pour un meilleur ajustement et ainsi \u00e9viter l&rsquo;entr\u00e9e d&rsquo;eau ou de froid.<\/p>\n<p>Il est fabriqu\u00e9 dans un tissu l\u00e9ger et r\u00e9sistant \u00e0 l&rsquo;eau. Dans les zones de transpiration les plus importantes, il int\u00e8gre la technologie Micro-Mesh pour am\u00e9liorer la respirabilit\u00e9 et augmenter la ventilation, aidant \u00e0 maintenir la temp\u00e9rature corporelle et \u00e0 \u00e9viter les mauvaises odeurs.<\/p>\n<p>Il pr\u00e9sente un design lisse et basique, facile \u00e0 combiner avec n&rsquo;importe quel v\u00eatement.<\/p>\n<p>*Les cordons ne sont pas inclus dans les tailles Junior.<\/p>\n<p>Logo Joma brod\u00e9.<\/p>\n","protected":false},"excerpt":{"rendered":"<p>Imperm\u00e9able homme\/gar\u00e7on vous accompagnera \u00e0 la fois au match et \u00e0 l\u2019entra\u00eenement. Tissu imperm\u00e9able qui s&rsquo;ajuste au corps et \u00e9vacue la transpiration.<\/p>\n","protected":false},"featured_media":31772,"template":"","meta":[],"product_brand":[414],"product_cat":[42,33,60,59],"product_tag":[],"class_list":{"0":"post-28538","1":"product","2":"type-product","3":"status-publish","4":"has-post-thumbnail","6":"product_brand-joma","7":"product_cat-femme","8":"product_cat-homme","9":"product_cat-parkas-homme","10":"product_cat-parkas","11":"pa_couleur-marino","12":"pa_taille-s","14":"first","15":"instock","16":"sale","17":"purchasable","18":"product-type-simple"},"_links":{"self":[{"href":"https:\/\/accrosport.tn\/index.php\/wp-json\/wp\/v2\/product\/28538","targetHints":{"allow":["GET"]}}],"collection":[{"href":"https:\/\/accrosport.tn\/index.php\/wp-json\/wp\/v2\/product"}],"about":[{"href":"https:\/\/accrosport.tn\/index.php\/wp-json\/wp\/v2\/types\/product"}],"wp:featuredmedia":[{"embeddable":true,"href":"https:\/\/accrosport.tn\/index.php\/wp-json\/wp\/v2\/media\/31772"}],"wp:attachment":[{"href":"https:\/\/accrosport.tn\/index.php\/wp-json\/wp\/v2\/media?parent=28538"}],"wp:term":[{"taxonomy":"product_brand","embeddable":true,"href":"https:\/\/accrosport.tn\/index.php\/wp-json\/wp\/v2\/product_brand?post=28538"},{"taxonomy":"product_cat","embeddable":true,"href":"https:\/\/accrosport.tn\/index.php\/wp-json\/wp\/v2\/product_cat?post=28538"},{"taxonomy":"product_tag","embeddable":true,"href":"https:\/\/accrosport.tn\/index.php\/wp-json\/wp\/v2\/product_tag?post=28538"}],"curies":[{"name":"wp","href":"https:\/\/api.w.org\/{rel}","templated":true}]}}