{"id":28527,"date":"2025-09-25T11:00:15","date_gmt":"2025-09-25T11:00:15","guid":{"rendered":"https:\/\/accrosport.tn\/index.php\/product\/pirate-pants-vela-navy\/"},"modified":"2025-10-08T08:45:58","modified_gmt":"2025-10-08T08:45:58","slug":"pirate-pants-vela-navy","status":"publish","type":"product","link":"https:\/\/accrosport.tn\/index.php\/product\/pirate-pants-vela-navy\/","title":{"rendered":"Pantalon 3\/4 homme Vela bleu marine"},"content":{"rendered":"<p>Bermuda avec cordon \u00e9lastique pour un ajustement optimal.<\/p>\n<p>Taille \u00e9lastique avec dentelle<br \/>\nTissu l\u00e9ger<br \/>\nLibert\u00e9 de mouvement<br \/>\nType de coupe : r\u00e9guli\u00e8re<br \/>\n100% polyester<\/p>\n","protected":false},"excerpt":{"rendered":"<p>Pantalon de pirate pour homme, id\u00e9al pour le football. Il \u00e9pouse la silhouette de l&rsquo;athl\u00e8te pour plus de confort. Tr\u00e8s r\u00e9sistant et durable, il saura r\u00e9pondre \u00e0 toutes vos exigences.<\/p>\n","protected":false},"featured_media":33662,"template":"","meta":[],"product_brand":[],"product_cat":[62,33],"product_tag":[],"class_list":{"0":"post-28527","1":"product","2":"type-product","3":"status-publish","4":"has-post-thumbnail","6":"product_cat-bermudas-et-shorts-homme","7":"product_cat-homme","8":"pa_couleur-marino","9":"pa_taille-l","10":"pa_taille-m","11":"pa_taille-xl","12":"pa_taille-xs","14":"first","15":"outofstock","16":"purchasable","17":"product-type-variable"},"_links":{"self":[{"href":"https:\/\/accrosport.tn\/index.php\/wp-json\/wp\/v2\/product\/28527","targetHints":{"allow":["GET"]}}],"collection":[{"href":"https:\/\/accrosport.tn\/index.php\/wp-json\/wp\/v2\/product"}],"about":[{"href":"https:\/\/accrosport.tn\/index.php\/wp-json\/wp\/v2\/types\/product"}],"wp:featuredmedia":[{"embeddable":true,"href":"https:\/\/accrosport.tn\/index.php\/wp-json\/wp\/v2\/media\/33662"}],"wp:attachment":[{"href":"https:\/\/accrosport.tn\/index.php\/wp-json\/wp\/v2\/media?parent=28527"}],"wp:term":[{"taxonomy":"product_brand","embeddable":true,"href":"https:\/\/accrosport.tn\/index.php\/wp-json\/wp\/v2\/product_brand?post=28527"},{"taxonomy":"product_cat","embeddable":true,"href":"https:\/\/accrosport.tn\/index.php\/wp-json\/wp\/v2\/product_cat?post=28527"},{"taxonomy":"product_tag","embeddable":true,"href":"https:\/\/accrosport.tn\/index.php\/wp-json\/wp\/v2\/product_tag?post=28527"}],"curies":[{"name":"wp","href":"https:\/\/api.w.org\/{rel}","templated":true}]}}